{"id":87125,"date":"2020-10-16T23:18:25","date_gmt":"2020-10-16T23:18:25","guid":{"rendered":"https:\/\/1875.lu\/societe\/equipe-et-carriere\/zurich-team\/"},"modified":"2025-07-16T13:55:39","modified_gmt":"2025-07-16T13:55:39","slug":"zurich-team","status":"publish","type":"page","link":"https:\/\/1875.lu\/fr\/societe\/equipe-et-carriere\/zurich-team\/","title":{"rendered":"Zurich team"},"content":{"rendered":"<div class=\"wpb-content-wrapper\"><p>[vc_row row_height_percent=\u00a0\u00bb0&Prime; override_padding=\u00a0\u00bbyes\u00a0\u00bb h_padding=\u00a0\u00bb2&Prime; top_padding=\u00a0\u00bb5&Prime; bottom_padding=\u00a0\u00bb2&Prime; overlay_alpha=\u00a0\u00bb50&Prime; gutter_size=\u00a0\u00bb3&Prime; column_width_percent=\u00a0\u00bb100&Prime; shift_y=\u00a0\u00bb0&Prime; z_index=\u00a0\u00bb0&Prime;][vc_column column_width_percent=\u00a0\u00bb100&Prime; align_horizontal=\u00a0\u00bbalign_center\u00a0\u00bb gutter_size=\u00a0\u00bb3&Prime; overlay_alpha=\u00a0\u00bb50&Prime; shift_x=\u00a0\u00bb0&Prime; shift_y=\u00a0\u00bb0&Prime; shift_y_down=\u00a0\u00bb0&Prime; z_index=\u00a0\u00bb0&Prime; medium_width=\u00a0\u00bb0&Prime; mobile_width=\u00a0\u00bb0&Prime; width=\u00a0\u00bb1\/1&Prime;][vc_custom_heading heading_semantic=\u00a0\u00bbh1&Prime; separator_color=\u00a0\u00bbyes\u00a0\u00bb separator=\u00a0\u00bbyes\u00a0\u00bb sub_lead=\u00a0\u00bbyes\u00a0\u00bb css_animation=\u00a0\u00bbcurtain\u00a0\u00bb animation_delay=\u00a0\u00bb200&Prime;]Soci\u00e9t\u00e9:<br \/>\nEthique et excellence[\/vc_custom_heading][\/vc_column][\/vc_row][vc_row row_height_percent=\u00a0\u00bb0&Prime; overlay_alpha=\u00a0\u00bb50&Prime; gutter_size=\u00a0\u00bb3&Prime; column_width_percent=\u00a0\u00bb100&Prime; shift_y=\u00a0\u00bb0&Prime; z_index=\u00a0\u00bb0&Prime;][vc_column width=\u00a0\u00bb1\/1&Prime;][vc_column_text]<\/p>\n<h4>N\u00e9e de l\u2019exp\u00e9rience commune de ses fondateurs au sein de la m\u00eame banque,\u00a0<strong>1875 FINANCE<\/strong>\u00a0repose sur un esprit d\u2019\u00e9quipe ind\u00e9fectible garantissant une coh\u00e9sion constante et une responsabilit\u00e9 partag\u00e9e dans les choix strat\u00e9giques et le conseil \u00e0 la client\u00e8le.<\/h4>\n<p>[\/vc_column_text][vc_empty_space empty_h=\u00a0\u00bb2&Prime;][\/vc_column][\/vc_row][vc_row row_height_percent=\u00a0\u00bb0&Prime; overlay_alpha=\u00a0\u00bb50&Prime; gutter_size=\u00a0\u00bb3&Prime; column_width_percent=\u00a0\u00bb100&Prime; shift_y=\u00a0\u00bb0&Prime; z_index=\u00a0\u00bb0&Prime;][vc_column column_width_percent=\u00a0\u00bb100&Prime; gutter_size=\u00a0\u00bb3&Prime; overlay_alpha=\u00a0\u00bb50&Prime; shift_x=\u00a0\u00bb0&Prime; shift_y=\u00a0\u00bb0&Prime; shift_y_down=\u00a0\u00bb0&Prime; z_index=\u00a0\u00bb0&Prime; medium_width=\u00a0\u00bb0&Prime; mobile_width=\u00a0\u00bb0&Prime; width=\u00a0\u00bb1\/1&Prime;][vc_custom_heading heading_semantic=\u00a0\u00bbh1&Prime; separator_color=\u00a0\u00bbyes\u00a0\u00bb separator=\u00a0\u00bbyes\u00a0\u00bb sub_lead=\u00a0\u00bbyes\u00a0\u00bb]<\/p>\n<h3 class=\"widget-title\">\u00c9QUIPE \u00c0 ZURICH<\/h3>\n<p>[\/vc_custom_heading][\/vc_column][\/vc_row][vc_row row_height_percent=\u00a0\u00bb50&Prime; overlay_alpha=\u00a0\u00bb50&Prime; gutter_size=\u00a0\u00bb4&Prime; column_width_percent=\u00a0\u00bb100&Prime; shift_y=\u00a0\u00bb0&Prime; z_index=\u00a0\u00bb0&Prime; el_class=\u00a0\u00bbinverted-device-order\u00a0\u00bb][vc_column width=\u00a0\u00bb1\/2&Prime;][vc_single_image media=\u00a0\u00bb82928&Prime; media_width_percent=\u00a0\u00bb100&Prime; media_ratio=\u00a0\u00bbone-one\u00a0\u00bb shadow=\u00a0\u00bbyes\u00a0\u00bb shadow_weight=\u00a0\u00bbstd\u00a0\u00bb shadow_darker=\u00a0\u00bbyes\u00a0\u00bb][\/vc_column][vc_column column_width_use_pixel=\u00a0\u00bbyes\u00a0\u00bb position_vertical=\u00a0\u00bbmiddle\u00a0\u00bb gutter_size=\u00a0\u00bb3&Prime; overlay_alpha=\u00a0\u00bb50&Prime; shift_x=\u00a0\u00bb0&Prime; shift_y=\u00a0\u00bb0&Prime; shift_y_down=\u00a0\u00bb0&Prime; z_index=\u00a0\u00bb0&Prime; medium_width=\u00a0\u00bb0&Prime; mobile_width=\u00a0\u00bb0&Prime; width=\u00a0\u00bb1\/2&Prime; column_width_pixel=\u00a0\u00bb900&Prime;][vc_custom_heading text_color=\u00a0\u00bbaccent\u00a0\u00bb heading_semantic=\u00a0\u00bbh6&Prime; text_size=\u00a0\u00bbfontsize-160000&Prime; text_transform=\u00a0\u00bbuppercase\u00a0\u00bb text_space=\u00a0\u00bbfontspace-210350&Prime; uncode_shortcode_id=\u00a0\u00bb178689&Prime; text_color_type=\u00a0\u00bbuncode-palette\u00a0\u00bb]Managing Director &#8211; Client\u00e8le Priv\u00e9e[\/vc_custom_heading][vc_custom_heading heading_semantic=\u00a0\u00bbh3&Prime; text_size=\u00a0\u00bbh3&Prime;]Burcu Minas Balta[\/vc_custom_heading][vc_column_text]Burcu Minas Balta d\u00e9bute sa carri\u00e8re dans la finance en 2001 en qualit\u00e9 de Relationship Manager chez Cr\u00e9dit Suisse, particuli\u00e8rement ax\u00e9e sur le march\u00e9 turc. Elle fournit des services et des conseils sur mesure aux clients UHNWI dans tous les domaines de leur patrimoine. Burcu a une approche globale pour r\u00e9pondre aux besoins sp\u00e9cifiques des clients, en particulier dans les domaines de la gestion d\u2019actifs et de la banque d\u2019investissement.<\/p>\n<p>Apr\u00e8s 18 ans en banque priv\u00e9e, elle rejoint 1875 FINANCE et continue \u00e0 r\u00e9pondre aux besoins en mati\u00e8re de gestion de patrimoine.[\/vc_column_text][\/vc_column][\/vc_row][vc_row row_height_percent=\u00a0\u00bb50&Prime; overlay_alpha=\u00a0\u00bb50&Prime; gutter_size=\u00a0\u00bb4&Prime; column_width_percent=\u00a0\u00bb100&Prime; shift_y=\u00a0\u00bb0&Prime; z_index=\u00a0\u00bb0&Prime; el_class=\u00a0\u00bbinverted-device-order\u00a0\u00bb][vc_column width=\u00a0\u00bb1\/2&Prime;][vc_single_image media=\u00a0\u00bb87302&Prime; media_width_percent=\u00a0\u00bb100&Prime; media_ratio=\u00a0\u00bbone-one\u00a0\u00bb shadow=\u00a0\u00bbyes\u00a0\u00bb shadow_weight=\u00a0\u00bbstd\u00a0\u00bb shadow_darker=\u00a0\u00bbyes\u00a0\u00bb uncode_shortcode_id=\u00a0\u00bb214305&Prime;][\/vc_column][vc_column column_width_use_pixel=\u00a0\u00bbyes\u00a0\u00bb position_vertical=\u00a0\u00bbmiddle\u00a0\u00bb gutter_size=\u00a0\u00bb3&Prime; overlay_alpha=\u00a0\u00bb50&Prime; shift_x=\u00a0\u00bb0&Prime; shift_y=\u00a0\u00bb0&Prime; shift_y_down=\u00a0\u00bb0&Prime; z_index=\u00a0\u00bb0&Prime; medium_width=\u00a0\u00bb0&Prime; mobile_width=\u00a0\u00bb0&Prime; width=\u00a0\u00bb1\/2&Prime; column_width_pixel=\u00a0\u00bb900&Prime;][vc_custom_heading text_color=\u00a0\u00bbaccent\u00a0\u00bb heading_semantic=\u00a0\u00bbh6&Prime; text_size=\u00a0\u00bbfontsize-160000&Prime; text_transform=\u00a0\u00bbuppercase\u00a0\u00bb text_space=\u00a0\u00bbfontspace-210350&Prime;]Executive Director &#8211; Client\u00e8le Priv\u00e9e[\/vc_custom_heading][vc_custom_heading heading_semantic=\u00a0\u00bbh3&Prime; text_size=\u00a0\u00bbh3&Prime; uncode_shortcode_id=\u00a0\u00bb623301&Prime;]Roman Walker[\/vc_custom_heading][vc_column_text uncode_shortcode_id=\u00a0\u00bb139852&Prime;]Roman Walker a commenc\u00e9 sa carri\u00e8re dans l\u2019industrie automobile au si\u00e8ge de BMW AG \u00e0 Munich avant de passer au secteur bancaire chez UBS AG \u00e0 Zurich. Au cours des neuf ann\u00e9es pass\u00e9es chez UBS, il a travaill\u00e9 pour Active Portfolio Advisory, le bureau de repr\u00e9sentation d\u2019UBS \u00e0 Moscou, ainsi qu\u2019en tant que charg\u00e9 de relations et responsable adjoint du d\u00e9partement Europe de l\u2019Est. En 2016, il est pass\u00e9 chez Pictet \u00e0 Zurich, o\u00f9 il a constitu\u00e9 avec succ\u00e8s un vaste portefeuille de clients. En 2020, il a quitt\u00e9 la banque et a \u00e9t\u00e9 transf\u00e9r\u00e9 chez 1875 FINANCE. Roman est titulaire d\u2019une licence en administration des affaires de l\u2019Universit\u00e9 internationale Schiller de Heidelberg.[\/vc_column_text][\/vc_column][\/vc_row][vc_row row_height_percent=\u00a0\u00bb50&Prime; overlay_alpha=\u00a0\u00bb50&Prime; gutter_size=\u00a0\u00bb4&Prime; column_width_percent=\u00a0\u00bb100&Prime; shift_y=\u00a0\u00bb0&Prime; z_index=\u00a0\u00bb0&Prime; el_class=\u00a0\u00bbinverted-device-order\u00a0\u00bb][vc_column width=\u00a0\u00bb1\/2&Prime;][vc_single_image media=\u00a0\u00bb83591&Prime; media_width_percent=\u00a0\u00bb100&Prime; media_ratio=\u00a0\u00bbone-one\u00a0\u00bb shadow=\u00a0\u00bbyes\u00a0\u00bb shadow_weight=\u00a0\u00bbstd\u00a0\u00bb shadow_darker=\u00a0\u00bbyes\u00a0\u00bb][\/vc_column][vc_column column_width_use_pixel=\u00a0\u00bbyes\u00a0\u00bb position_vertical=\u00a0\u00bbmiddle\u00a0\u00bb gutter_size=\u00a0\u00bb3&Prime; overlay_alpha=\u00a0\u00bb50&Prime; shift_x=\u00a0\u00bb0&Prime; shift_y=\u00a0\u00bb0&Prime; shift_y_down=\u00a0\u00bb0&Prime; z_index=\u00a0\u00bb0&Prime; medium_width=\u00a0\u00bb0&Prime; mobile_width=\u00a0\u00bb0&Prime; width=\u00a0\u00bb1\/2&Prime; column_width_pixel=\u00a0\u00bb900&Prime;][vc_custom_heading text_color=\u00a0\u00bbaccent\u00a0\u00bb heading_semantic=\u00a0\u00bbh6&Prime; text_size=\u00a0\u00bbfontsize-160000&Prime; text_transform=\u00a0\u00bbuppercase\u00a0\u00bb text_space=\u00a0\u00bbfontspace-210350&Prime;]Director &#8211; Client\u00e8le Priv\u00e9e[\/vc_custom_heading][vc_custom_heading heading_semantic=\u00a0\u00bbh3&Prime; text_size=\u00a0\u00bbh3&Prime;]Jasmin Woertz[\/vc_custom_heading][vc_column_text]Jasmin Woertz d\u00e9bute sa carri\u00e8re en 2004 au sein d\u2019UBS AG o\u00f9 elle effectue un stage de formation. Elle travaille par la suite en tant qu\u2019assistante au sein du service HNWI. Elle rejoint ensuite Julius Baer &amp; Co. Ltd. en 2008, o\u00f9 elle travaille comme assistante pour une client\u00e8le priv\u00e9e suisse. En 2012, elle devient responsable junior de la gestion des relations avec les clients apr\u00e8s avoir son CFP. Trois ans plus tard, elle rejoint la banque cantonale de B\u00e2le en tant que gestionnaire.<\/p>\n<p>En 2016, elle quitte la banque pour rejoindre 1875 FINANCE.[\/vc_column_text][\/vc_column][\/vc_row][vc_row row_height_percent=\u00a0\u00bb50&Prime; overlay_alpha=\u00a0\u00bb50&Prime; gutter_size=\u00a0\u00bb4&Prime; column_width_percent=\u00a0\u00bb100&Prime; shift_y=\u00a0\u00bb0&Prime; z_index=\u00a0\u00bb0&Prime; el_class=\u00a0\u00bbinverted-device-order\u00a0\u00bb][vc_column width=\u00a0\u00bb1\/2&Prime;][vc_single_image media=\u00a0\u00bb87833&Prime; media_width_percent=\u00a0\u00bb100&Prime; media_ratio=\u00a0\u00bbone-one\u00a0\u00bb shadow=\u00a0\u00bbyes\u00a0\u00bb shadow_weight=\u00a0\u00bbstd\u00a0\u00bb shadow_darker=\u00a0\u00bbyes\u00a0\u00bb uncode_shortcode_id=\u00a0\u00bb111646&Prime;][\/vc_column][vc_column column_width_use_pixel=\u00a0\u00bbyes\u00a0\u00bb position_vertical=\u00a0\u00bbmiddle\u00a0\u00bb gutter_size=\u00a0\u00bb3&Prime; overlay_alpha=\u00a0\u00bb50&Prime; shift_x=\u00a0\u00bb0&Prime; shift_y=\u00a0\u00bb0&Prime; shift_y_down=\u00a0\u00bb0&Prime; z_index=\u00a0\u00bb0&Prime; medium_width=\u00a0\u00bb0&Prime; mobile_width=\u00a0\u00bb0&Prime; width=\u00a0\u00bb1\/2&Prime; column_width_pixel=\u00a0\u00bb900&Prime;][vc_custom_heading text_color=\u00a0\u00bbaccent\u00a0\u00bb heading_semantic=\u00a0\u00bbh6&Prime; text_size=\u00a0\u00bbfontsize-160000&Prime; text_transform=\u00a0\u00bbuppercase\u00a0\u00bb text_space=\u00a0\u00bbfontspace-210350&Prime; uncode_shortcode_id=\u00a0\u00bb166363&Prime; text_color_type=\u00a0\u00bbuncode-palette\u00a0\u00bb]Assistante &#8211; Client\u00e8le Priv\u00e9e[\/vc_custom_heading][vc_custom_heading heading_semantic=\u00a0\u00bbh3&Prime; text_size=\u00a0\u00bbh3&Prime; uncode_shortcode_id=\u00a0\u00bb193402&Prime;]Veselina Motsinova[\/vc_custom_heading][vc_column_text uncode_shortcode_id=\u00a0\u00bb291829&Prime;]Veselina est dipl\u00f4m\u00e9e de l\u2019Universit\u00e9 d\u2019\u00c9tat des affaires \u00e9trang\u00e8res de Moscou (MGIMO) et titulaire d\u2019une ma\u00eetrise en \u00e9conomie. Avant de rejoindre 1875 Finance, elle a travaill\u00e9 dans des soci\u00e9t\u00e9s financi\u00e8res et des banques. Elle a travaill\u00e9 en tant que chef d\u2019\u00e9quipe adjoint du Service Desk \u00e0 la banque Cr\u00e9dit Suisse (division Wealth Management), en tant que conseill\u00e8re client\u00e8le \u00e0 Marcuard Heritage, en tant qu\u2019analyste dans une banque internationale. Elle a rejoint 1875 Finance en 2023.<br \/>\nVeselina a pass\u00e9 le niveau I du programme CFA (CFA Institute). Elle est titulaire d\u2019un certificat avanc\u00e9 en droit et pratique des soci\u00e9t\u00e9s (STEP), d\u2019un certificat avanc\u00e9 en droit et pratique des trusts (STEP), d\u2019un certificat avanc\u00e9 en droit des soci\u00e9t\u00e9s (STEP) : Law and Practice (STEP), Advanced Certificate in Trust Administration &amp; Accounts (STEP).[\/vc_column_text][\/vc_column][\/vc_row][vc_row row_height_percent=\u00a0\u00bb0&Prime; overlay_alpha=\u00a0\u00bb50&Prime; gutter_size=\u00a0\u00bb3&Prime; column_width_percent=\u00a0\u00bb100&Prime; shift_y=\u00a0\u00bb0&Prime; z_index=\u00a0\u00bb0&Prime;][vc_column width=\u00a0\u00bb1\/1&Prime;][vc_empty_space empty_h=\u00a0\u00bb2&Prime;][vc_row_inner limit_content=\u00a0\u00bb\u00a0\u00bb][vc_column_inner width=\u00a0\u00bb1\/1&Prime;][\/vc_column_inner][\/vc_row_inner][\/vc_column][\/vc_row]<\/p>\n<\/div>","protected":false},"excerpt":{"rendered":"<p>[vc_row row_height_percent=\u00a0\u00bb0&Prime; override_padding=\u00a0\u00bbyes\u00a0\u00bb h_padding=\u00a0\u00bb2&Prime; top_padding=\u00a0\u00bb5&Prime; bottom_padding=\u00a0\u00bb2&Prime; overlay_alpha=\u00a0\u00bb50&Prime; gutter_size=\u00a0\u00bb3&Prime; column_width_percent=\u00a0\u00bb100&Prime; shift_y=\u00a0\u00bb0&Prime; z_index=\u00a0\u00bb0&Prime;][vc_column column_width_percent=\u00a0\u00bb100&Prime; align_horizontal=\u00a0\u00bbalign_center\u00a0\u00bb gutter_size=\u00a0\u00bb3&Prime; overlay_alpha=\u00a0\u00bb50&Prime; shift_x=\u00a0\u00bb0&Prime; shift_y=\u00a0\u00bb0&Prime; shift_y_down=\u00a0\u00bb0&Prime; z_index=\u00a0\u00bb0&Prime; medium_width=\u00a0\u00bb0&Prime; [&hellip;]<\/p>\n","protected":false},"author":12,"featured_media":84280,"parent":87109,"menu_order":0,"comment_status":"closed","ping_status":"closed","template":"","meta":{"_monsterinsights_skip_tracking":false,"_monsterinsights_sitenote_active":false,"_monsterinsights_sitenote_note":"","_monsterinsights_sitenote_category":0,"footnotes":""},"class_list":["post-87125","page","type-page","status-publish","has-post-thumbnail","hentry"],"yoast_head":"<!-- This site is optimized with the Yoast SEO plugin v27.3 - https:\/\/yoast.com\/product\/yoast-seo-wordpress\/ -->\n<title>Zurich team - 1875 Finance<\/title>\n<meta name=\"robots\" content=\"index, follow, max-snippet:-1, max-image-preview:large, max-video-preview:-1\" \/>\n<link rel=\"canonical\" href=\"https:\/\/1875.lu\/fr\/societe\/equipe-et-carriere\/zurich-team\/\" \/>\n<meta property=\"og:locale\" content=\"fr_FR\" \/>\n<meta property=\"og:type\" content=\"article\" \/>\n<meta property=\"og:title\" content=\"Zurich team - 1875 Finance\" \/>\n<meta property=\"og:description\" content=\"[vc_row row_height_percent=\u00a0\u00bb0&Prime; override_padding=\u00a0\u00bbyes\u00a0\u00bb h_padding=\u00a0\u00bb2&Prime; top_padding=\u00a0\u00bb5&Prime; bottom_padding=\u00a0\u00bb2&Prime; overlay_alpha=\u00a0\u00bb50&Prime; gutter_size=\u00a0\u00bb3&Prime; column_width_percent=\u00a0\u00bb100&Prime; shift_y=\u00a0\u00bb0&Prime; z_index=\u00a0\u00bb0&Prime;][vc_column column_width_percent=\u00a0\u00bb100&Prime; align_horizontal=\u00a0\u00bbalign_center\u00a0\u00bb gutter_size=\u00a0\u00bb3&Prime; overlay_alpha=\u00a0\u00bb50&Prime; shift_x=\u00a0\u00bb0&Prime; shift_y=\u00a0\u00bb0&Prime; shift_y_down=\u00a0\u00bb0&Prime; z_index=\u00a0\u00bb0&Prime; medium_width=\u00a0\u00bb0&Prime; [&hellip;]\" \/>\n<meta property=\"og:url\" content=\"https:\/\/1875.lu\/fr\/societe\/equipe-et-carriere\/zurich-team\/\" \/>\n<meta property=\"og:site_name\" content=\"1875 Finance\" \/>\n<meta property=\"article:publisher\" content=\"https:\/\/www.facebook.com\/1875finance\/?fref=ts\" \/>\n<meta property=\"article:modified_time\" content=\"2025-07-16T13:55:39+00:00\" \/>\n<meta property=\"og:image\" content=\"https:\/\/1875.lu\/wp-content\/uploads\/sites\/2\/2020\/03\/websiteimagery24-opt.jpg\" \/>\n\t<meta property=\"og:image:width\" content=\"2560\" \/>\n\t<meta property=\"og:image:height\" content=\"1307\" \/>\n\t<meta property=\"og:image:type\" content=\"image\/jpeg\" \/>\n<meta name=\"twitter:card\" content=\"summary_large_image\" \/>\n<meta name=\"twitter:label1\" content=\"Dur\u00e9e de lecture estim\u00e9e\" \/>\n\t<meta name=\"twitter:data1\" content=\"5 minutes\" \/>\n<script type=\"application\/ld+json\" class=\"yoast-schema-graph\">{\"@context\":\"https:\\\/\\\/schema.org\",\"@graph\":[{\"@type\":\"WebPage\",\"@id\":\"https:\\\/\\\/1875.lu\\\/fr\\\/societe\\\/equipe-et-carriere\\\/zurich-team\\\/\",\"url\":\"https:\\\/\\\/1875.lu\\\/fr\\\/societe\\\/equipe-et-carriere\\\/zurich-team\\\/\",\"name\":\"Zurich team - 1875 Finance\",\"isPartOf\":{\"@id\":\"https:\\\/\\\/1875.lu\\\/fr\\\/#website\"},\"primaryImageOfPage\":{\"@id\":\"https:\\\/\\\/1875.lu\\\/fr\\\/societe\\\/equipe-et-carriere\\\/zurich-team\\\/#primaryimage\"},\"image\":{\"@id\":\"https:\\\/\\\/1875.lu\\\/fr\\\/societe\\\/equipe-et-carriere\\\/zurich-team\\\/#primaryimage\"},\"thumbnailUrl\":\"https:\\\/\\\/1875.lu\\\/wp-content\\\/uploads\\\/sites\\\/2\\\/2020\\\/03\\\/websiteimagery24-opt.jpg\",\"datePublished\":\"2020-10-16T23:18:25+00:00\",\"dateModified\":\"2025-07-16T13:55:39+00:00\",\"breadcrumb\":{\"@id\":\"https:\\\/\\\/1875.lu\\\/fr\\\/societe\\\/equipe-et-carriere\\\/zurich-team\\\/#breadcrumb\"},\"inLanguage\":\"fr-FR\",\"potentialAction\":[{\"@type\":\"ReadAction\",\"target\":[\"https:\\\/\\\/1875.lu\\\/fr\\\/societe\\\/equipe-et-carriere\\\/zurich-team\\\/\"]}]},{\"@type\":\"ImageObject\",\"inLanguage\":\"fr-FR\",\"@id\":\"https:\\\/\\\/1875.lu\\\/fr\\\/societe\\\/equipe-et-carriere\\\/zurich-team\\\/#primaryimage\",\"url\":\"https:\\\/\\\/1875.lu\\\/wp-content\\\/uploads\\\/sites\\\/2\\\/2020\\\/03\\\/websiteimagery24-opt.jpg\",\"contentUrl\":\"https:\\\/\\\/1875.lu\\\/wp-content\\\/uploads\\\/sites\\\/2\\\/2020\\\/03\\\/websiteimagery24-opt.jpg\",\"width\":2560,\"height\":1307},{\"@type\":\"BreadcrumbList\",\"@id\":\"https:\\\/\\\/1875.lu\\\/fr\\\/societe\\\/equipe-et-carriere\\\/zurich-team\\\/#breadcrumb\",\"itemListElement\":[{\"@type\":\"ListItem\",\"position\":1,\"name\":\"Home\",\"item\":\"https:\\\/\\\/1875.lu\\\/fr\\\/\"},{\"@type\":\"ListItem\",\"position\":2,\"name\":\"Soci\u00e9t\u00e9\",\"item\":\"https:\\\/\\\/1875.lu\\\/fr\\\/societe\\\/\"},{\"@type\":\"ListItem\",\"position\":3,\"name\":\"Equipe et carri\u00e8re\",\"item\":\"https:\\\/\\\/1875.lu\\\/fr\\\/societe\\\/equipe-et-carriere\\\/\"},{\"@type\":\"ListItem\",\"position\":4,\"name\":\"Zurich team\"}]},{\"@type\":\"WebSite\",\"@id\":\"https:\\\/\\\/1875.lu\\\/fr\\\/#website\",\"url\":\"https:\\\/\\\/1875.lu\\\/fr\\\/\",\"name\":\"1875 Finance\",\"description\":\"The Financial Place to Be\",\"publisher\":{\"@id\":\"https:\\\/\\\/1875.lu\\\/fr\\\/#organization\"},\"potentialAction\":[{\"@type\":\"SearchAction\",\"target\":{\"@type\":\"EntryPoint\",\"urlTemplate\":\"https:\\\/\\\/1875.lu\\\/fr\\\/?s={search_term_string}\"},\"query-input\":{\"@type\":\"PropertyValueSpecification\",\"valueRequired\":true,\"valueName\":\"search_term_string\"}}],\"inLanguage\":\"fr-FR\"},{\"@type\":\"Organization\",\"@id\":\"https:\\\/\\\/1875.lu\\\/fr\\\/#organization\",\"name\":\"1875 Finance\",\"url\":\"https:\\\/\\\/1875.lu\\\/fr\\\/\",\"logo\":{\"@type\":\"ImageObject\",\"inLanguage\":\"fr-FR\",\"@id\":\"https:\\\/\\\/1875.lu\\\/fr\\\/#\\\/schema\\\/logo\\\/image\\\/\",\"url\":\"https:\\\/\\\/1875.lu\\\/wp-content\\\/uploads\\\/sites\\\/2\\\/2020\\\/03\\\/1875-logo.png\",\"contentUrl\":\"https:\\\/\\\/1875.lu\\\/wp-content\\\/uploads\\\/sites\\\/2\\\/2020\\\/03\\\/1875-logo.png\",\"width\":220,\"height\":220,\"caption\":\"1875 Finance\"},\"image\":{\"@id\":\"https:\\\/\\\/1875.lu\\\/fr\\\/#\\\/schema\\\/logo\\\/image\\\/\"},\"sameAs\":[\"https:\\\/\\\/www.facebook.com\\\/1875finance\\\/?fref=ts\",\"https:\\\/\\\/www.youtube.com\\\/channel\\\/UCZA0ykjGQrrEA3GBFkn8cAg\"]}]}<\/script>\n<!-- \/ Yoast SEO plugin. -->","yoast_head_json":{"title":"Zurich team - 1875 Finance","robots":{"index":"index","follow":"follow","max-snippet":"max-snippet:-1","max-image-preview":"max-image-preview:large","max-video-preview":"max-video-preview:-1"},"canonical":"https:\/\/1875.lu\/fr\/societe\/equipe-et-carriere\/zurich-team\/","og_locale":"fr_FR","og_type":"article","og_title":"Zurich team - 1875 Finance","og_description":"[vc_row row_height_percent=\u00a0\u00bb0&Prime; override_padding=\u00a0\u00bbyes\u00a0\u00bb h_padding=\u00a0\u00bb2&Prime; top_padding=\u00a0\u00bb5&Prime; bottom_padding=\u00a0\u00bb2&Prime; overlay_alpha=\u00a0\u00bb50&Prime; gutter_size=\u00a0\u00bb3&Prime; column_width_percent=\u00a0\u00bb100&Prime; shift_y=\u00a0\u00bb0&Prime; z_index=\u00a0\u00bb0&Prime;][vc_column column_width_percent=\u00a0\u00bb100&Prime; align_horizontal=\u00a0\u00bbalign_center\u00a0\u00bb gutter_size=\u00a0\u00bb3&Prime; overlay_alpha=\u00a0\u00bb50&Prime; shift_x=\u00a0\u00bb0&Prime; shift_y=\u00a0\u00bb0&Prime; shift_y_down=\u00a0\u00bb0&Prime; z_index=\u00a0\u00bb0&Prime; medium_width=\u00a0\u00bb0&Prime; [&hellip;]","og_url":"https:\/\/1875.lu\/fr\/societe\/equipe-et-carriere\/zurich-team\/","og_site_name":"1875 Finance","article_publisher":"https:\/\/www.facebook.com\/1875finance\/?fref=ts","article_modified_time":"2025-07-16T13:55:39+00:00","og_image":[{"width":2560,"height":1307,"url":"https:\/\/1875.lu\/wp-content\/uploads\/sites\/2\/2020\/03\/websiteimagery24-opt.jpg","type":"image\/jpeg"}],"twitter_card":"summary_large_image","twitter_misc":{"Dur\u00e9e de lecture estim\u00e9e":"5 minutes"},"schema":{"@context":"https:\/\/schema.org","@graph":[{"@type":"WebPage","@id":"https:\/\/1875.lu\/fr\/societe\/equipe-et-carriere\/zurich-team\/","url":"https:\/\/1875.lu\/fr\/societe\/equipe-et-carriere\/zurich-team\/","name":"Zurich team - 1875 Finance","isPartOf":{"@id":"https:\/\/1875.lu\/fr\/#website"},"primaryImageOfPage":{"@id":"https:\/\/1875.lu\/fr\/societe\/equipe-et-carriere\/zurich-team\/#primaryimage"},"image":{"@id":"https:\/\/1875.lu\/fr\/societe\/equipe-et-carriere\/zurich-team\/#primaryimage"},"thumbnailUrl":"https:\/\/1875.lu\/wp-content\/uploads\/sites\/2\/2020\/03\/websiteimagery24-opt.jpg","datePublished":"2020-10-16T23:18:25+00:00","dateModified":"2025-07-16T13:55:39+00:00","breadcrumb":{"@id":"https:\/\/1875.lu\/fr\/societe\/equipe-et-carriere\/zurich-team\/#breadcrumb"},"inLanguage":"fr-FR","potentialAction":[{"@type":"ReadAction","target":["https:\/\/1875.lu\/fr\/societe\/equipe-et-carriere\/zurich-team\/"]}]},{"@type":"ImageObject","inLanguage":"fr-FR","@id":"https:\/\/1875.lu\/fr\/societe\/equipe-et-carriere\/zurich-team\/#primaryimage","url":"https:\/\/1875.lu\/wp-content\/uploads\/sites\/2\/2020\/03\/websiteimagery24-opt.jpg","contentUrl":"https:\/\/1875.lu\/wp-content\/uploads\/sites\/2\/2020\/03\/websiteimagery24-opt.jpg","width":2560,"height":1307},{"@type":"BreadcrumbList","@id":"https:\/\/1875.lu\/fr\/societe\/equipe-et-carriere\/zurich-team\/#breadcrumb","itemListElement":[{"@type":"ListItem","position":1,"name":"Home","item":"https:\/\/1875.lu\/fr\/"},{"@type":"ListItem","position":2,"name":"Soci\u00e9t\u00e9","item":"https:\/\/1875.lu\/fr\/societe\/"},{"@type":"ListItem","position":3,"name":"Equipe et carri\u00e8re","item":"https:\/\/1875.lu\/fr\/societe\/equipe-et-carriere\/"},{"@type":"ListItem","position":4,"name":"Zurich team"}]},{"@type":"WebSite","@id":"https:\/\/1875.lu\/fr\/#website","url":"https:\/\/1875.lu\/fr\/","name":"1875 Finance","description":"The Financial Place to Be","publisher":{"@id":"https:\/\/1875.lu\/fr\/#organization"},"potentialAction":[{"@type":"SearchAction","target":{"@type":"EntryPoint","urlTemplate":"https:\/\/1875.lu\/fr\/?s={search_term_string}"},"query-input":{"@type":"PropertyValueSpecification","valueRequired":true,"valueName":"search_term_string"}}],"inLanguage":"fr-FR"},{"@type":"Organization","@id":"https:\/\/1875.lu\/fr\/#organization","name":"1875 Finance","url":"https:\/\/1875.lu\/fr\/","logo":{"@type":"ImageObject","inLanguage":"fr-FR","@id":"https:\/\/1875.lu\/fr\/#\/schema\/logo\/image\/","url":"https:\/\/1875.lu\/wp-content\/uploads\/sites\/2\/2020\/03\/1875-logo.png","contentUrl":"https:\/\/1875.lu\/wp-content\/uploads\/sites\/2\/2020\/03\/1875-logo.png","width":220,"height":220,"caption":"1875 Finance"},"image":{"@id":"https:\/\/1875.lu\/fr\/#\/schema\/logo\/image\/"},"sameAs":["https:\/\/www.facebook.com\/1875finance\/?fref=ts","https:\/\/www.youtube.com\/channel\/UCZA0ykjGQrrEA3GBFkn8cAg"]}]}},"_links":{"self":[{"href":"https:\/\/1875.lu\/fr\/wp-json\/wp\/v2\/pages\/87125","targetHints":{"allow":["GET"]}}],"collection":[{"href":"https:\/\/1875.lu\/fr\/wp-json\/wp\/v2\/pages"}],"about":[{"href":"https:\/\/1875.lu\/fr\/wp-json\/wp\/v2\/types\/page"}],"author":[{"embeddable":true,"href":"https:\/\/1875.lu\/fr\/wp-json\/wp\/v2\/users\/12"}],"replies":[{"embeddable":true,"href":"https:\/\/1875.lu\/fr\/wp-json\/wp\/v2\/comments?post=87125"}],"version-history":[{"count":8,"href":"https:\/\/1875.lu\/fr\/wp-json\/wp\/v2\/pages\/87125\/revisions"}],"predecessor-version":[{"id":87863,"href":"https:\/\/1875.lu\/fr\/wp-json\/wp\/v2\/pages\/87125\/revisions\/87863"}],"up":[{"embeddable":true,"href":"https:\/\/1875.lu\/fr\/wp-json\/wp\/v2\/pages\/87109"}],"wp:featuredmedia":[{"embeddable":true,"href":"https:\/\/1875.lu\/fr\/wp-json\/wp\/v2\/media\/84280"}],"wp:attachment":[{"href":"https:\/\/1875.lu\/fr\/wp-json\/wp\/v2\/media?parent=87125"}],"curies":[{"name":"wp","href":"https:\/\/api.w.org\/{rel}","templated":true}]}}