{"id":87119,"date":"2020-04-27T01:24:31","date_gmt":"2020-04-27T01:24:31","guid":{"rendered":"https:\/\/1875.lu\/societe\/equipe-et-carriere\/conseil-consultatif\/"},"modified":"2020-10-29T02:37:15","modified_gmt":"2020-10-29T02:37:15","slug":"conseil-consultatif","status":"publish","type":"page","link":"https:\/\/1875.lu\/fr\/societe\/equipe-et-carriere\/conseil-consultatif\/","title":{"rendered":"Conseil consultatif"},"content":{"rendered":"<div class=\"wpb-content-wrapper\"><p>[vc_row row_height_percent=\u00a0\u00bb0&Prime; override_padding=\u00a0\u00bbyes\u00a0\u00bb h_padding=\u00a0\u00bb2&Prime; top_padding=\u00a0\u00bb5&Prime; bottom_padding=\u00a0\u00bb2&Prime; overlay_alpha=\u00a0\u00bb50&Prime; gutter_size=\u00a0\u00bb3&Prime; column_width_percent=\u00a0\u00bb100&Prime; shift_y=\u00a0\u00bb0&Prime; z_index=\u00a0\u00bb0&Prime;][vc_column column_width_percent=\u00a0\u00bb100&Prime; align_horizontal=\u00a0\u00bbalign_center\u00a0\u00bb gutter_size=\u00a0\u00bb3&Prime; overlay_alpha=\u00a0\u00bb50&Prime; shift_x=\u00a0\u00bb0&Prime; shift_y=\u00a0\u00bb0&Prime; shift_y_down=\u00a0\u00bb0&Prime; z_index=\u00a0\u00bb0&Prime; medium_width=\u00a0\u00bb0&Prime; mobile_width=\u00a0\u00bb0&Prime; width=\u00a0\u00bb1\/1&Prime;][vc_custom_heading heading_semantic=\u00a0\u00bbh1&Prime; separator=\u00a0\u00bbyes\u00a0\u00bb separator_color=\u00a0\u00bbyes\u00a0\u00bb sub_lead=\u00a0\u00bbyes\u00a0\u00bb css_animation=\u00a0\u00bbcurtain\u00a0\u00bb animation_delay=\u00a0\u00bb200&Prime;]Soci\u00e9t\u00e9:<br \/>\nEthique et excellence[\/vc_custom_heading][\/vc_column][\/vc_row][vc_row row_height_percent=\u00a0\u00bb0&Prime; overlay_alpha=\u00a0\u00bb50&Prime; gutter_size=\u00a0\u00bb3&Prime; column_width_percent=\u00a0\u00bb100&Prime; shift_y=\u00a0\u00bb0&Prime; z_index=\u00a0\u00bb0&Prime;][vc_column width=\u00a0\u00bb1\/1&Prime;][vc_column_text]<\/p>\n<h4>N\u00e9e de l\u2019exp\u00e9rience commune de ses fondateurs au sein de la m\u00eame banque,\u00a0<strong>1875 FINANCE<\/strong>\u00a0repose sur un esprit d\u2019\u00e9quipe ind\u00e9fectible garantissant une coh\u00e9sion constante et une responsabilit\u00e9 partag\u00e9e dans les choix strat\u00e9giques et le conseil \u00e0 la client\u00e8le.<\/h4>\n<p>[\/vc_column_text][\/vc_column][\/vc_row][vc_row row_height_percent=\u00a0\u00bb0&Prime; overlay_alpha=\u00a0\u00bb50&Prime; gutter_size=\u00a0\u00bb3&Prime; column_width_percent=\u00a0\u00bb100&Prime; shift_y=\u00a0\u00bb0&Prime; z_index=\u00a0\u00bb0&Prime;][vc_column column_width_percent=\u00a0\u00bb100&Prime; gutter_size=\u00a0\u00bb3&Prime; overlay_alpha=\u00a0\u00bb50&Prime; shift_x=\u00a0\u00bb0&Prime; shift_y=\u00a0\u00bb0&Prime; shift_y_down=\u00a0\u00bb0&Prime; z_index=\u00a0\u00bb0&Prime; medium_width=\u00a0\u00bb0&Prime; mobile_width=\u00a0\u00bb0&Prime; width=\u00a0\u00bb1\/1&Prime;][vc_custom_heading heading_semantic=\u00a0\u00bbh1&Prime; separator=\u00a0\u00bbyes\u00a0\u00bb separator_color=\u00a0\u00bbyes\u00a0\u00bb sub_lead=\u00a0\u00bbyes\u00a0\u00bb]<\/p>\n<h3 class=\"widget-title\">CONSEIL CONSULTATIF<\/h3>\n<p>[\/vc_custom_heading][\/vc_column][\/vc_row][vc_row row_height_percent=\u00a0\u00bb50&Prime; overlay_alpha=\u00a0\u00bb50&Prime; gutter_size=\u00a0\u00bb4&Prime; column_width_percent=\u00a0\u00bb100&Prime; shift_y=\u00a0\u00bb0&Prime; z_index=\u00a0\u00bb0&Prime; el_class=\u00a0\u00bbinverted-device-order\u00a0\u00bb][vc_column width=\u00a0\u00bb1\/2&Prime;][vc_single_image media=\u00a0\u00bb83155&Prime; media_width_percent=\u00a0\u00bb100&Prime; media_ratio=\u00a0\u00bbone-one\u00a0\u00bb shadow=\u00a0\u00bbyes\u00a0\u00bb shadow_weight=\u00a0\u00bbstd\u00a0\u00bb shadow_darker=\u00a0\u00bbyes\u00a0\u00bb][\/vc_column][vc_column column_width_use_pixel=\u00a0\u00bbyes\u00a0\u00bb position_vertical=\u00a0\u00bbmiddle\u00a0\u00bb gutter_size=\u00a0\u00bb3&Prime; overlay_alpha=\u00a0\u00bb50&Prime; shift_x=\u00a0\u00bb0&Prime; shift_y=\u00a0\u00bb0&Prime; shift_y_down=\u00a0\u00bb0&Prime; z_index=\u00a0\u00bb0&Prime; medium_width=\u00a0\u00bb0&Prime; mobile_width=\u00a0\u00bb0&Prime; width=\u00a0\u00bb1\/2&Prime; column_width_pixel=\u00a0\u00bb900&Prime;][vc_custom_heading heading_semantic=\u00a0\u00bbh6&Prime; text_size=\u00a0\u00bbfontsize-160000&Prime; text_transform=\u00a0\u00bbuppercase\u00a0\u00bb text_space=\u00a0\u00bbfontspace-210350&Prime; text_color=\u00a0\u00bbaccent\u00a0\u00bb]Membre de l&rsquo;Advisory Board[\/vc_custom_heading][vc_custom_heading heading_semantic=\u00a0\u00bbh3&Prime; text_size=\u00a0\u00bbh3&Prime;]Giovanni Flury[\/vc_custom_heading][vc_column_text]Giovanni M. S. Flury enregistre \u00e0 lui seul plus de trois d\u00e9cennies d\u2019exp\u00e9rience bancaire au sein d\u2019\u00e9tablissements de renom. Apr\u00e8s des \u00e9tudes HEC suivies d\u2019un Senior Executive Program \u00e0 la Harvard Business School de Boston, Giovanni rejoint Nestl\u00e9 pendant 5 ans (Suisse, Malaisie, Singapour, Canada) et puis l\u2019UBS de Lugano en 1986, jusqu\u2019au poste de Head of Corporate Clients pour le Tessin et l\u2019Italie.<\/p>\n<p>En 2000, il entre comme membre de l\u2019Executive Board de BDL Banco di Lugano et prend le titre de Head of Private Banking. Le m\u00eame sch\u00e9ma se r\u00e9p\u00e8te chez Julius Baer en 2006, avec son arriv\u00e9e au sein du l&rsquo;Executive Board et le titre de Head of Private Banking.<\/p>\n<p>C\u2019est au sein de Julius Baer que Giovanni Flury oeuvre en tant que Directeur pour le Tessin et l\u2019Italie, puis CEO Switzerland en 2013, avec \u00e0 chaque \u00e9tape une confirmation de sa place de membre de l\u2019Executive Board. Il est promoteur, au sein de Julius Baer, de l&rsquo;achat de la soci\u00e9t\u00e9 d&rsquo;asset management \u00ab\u00a0Kairos Investment Management SpA\u00a0\u00bb et en devient Member of the board. Il fut \u00e9galement Member of the Board de Julius Baer Foundation pendant 6 ans.[\/vc_column_text][\/vc_column][\/vc_row][vc_row][vc_column width=\u00a0\u00bb1\/1&Prime;][vc_empty_space empty_h=\u00a0\u00bb2&Prime;][\/vc_column][\/vc_row]<\/p>\n<\/div>","protected":false},"excerpt":{"rendered":"<p>[vc_row row_height_percent=\u00a0\u00bb0&Prime; override_padding=\u00a0\u00bbyes\u00a0\u00bb h_padding=\u00a0\u00bb2&Prime; top_padding=\u00a0\u00bb5&Prime; bottom_padding=\u00a0\u00bb2&Prime; overlay_alpha=\u00a0\u00bb50&Prime; gutter_size=\u00a0\u00bb3&Prime; column_width_percent=\u00a0\u00bb100&Prime; shift_y=\u00a0\u00bb0&Prime; z_index=\u00a0\u00bb0&Prime;][vc_column column_width_percent=\u00a0\u00bb100&Prime; align_horizontal=\u00a0\u00bbalign_center\u00a0\u00bb gutter_size=\u00a0\u00bb3&Prime; overlay_alpha=\u00a0\u00bb50&Prime; shift_x=\u00a0\u00bb0&Prime; shift_y=\u00a0\u00bb0&Prime; shift_y_down=\u00a0\u00bb0&Prime; z_index=\u00a0\u00bb0&Prime; medium_width=\u00a0\u00bb0&Prime; [&hellip;]<\/p>\n","protected":false},"author":12,"featured_media":84280,"parent":87109,"menu_order":0,"comment_status":"closed","ping_status":"closed","template":"","meta":{"_monsterinsights_skip_tracking":false,"_monsterinsights_sitenote_active":false,"_monsterinsights_sitenote_note":"","_monsterinsights_sitenote_category":0,"footnotes":""},"class_list":["post-87119","page","type-page","status-publish","has-post-thumbnail","hentry","page_category-company-fr"],"yoast_head":"<!-- This site is optimized with the Yoast SEO plugin v27.3 - https:\/\/yoast.com\/product\/yoast-seo-wordpress\/ -->\n<title>Conseil consultatif - 1875 Finance<\/title>\n<meta name=\"robots\" content=\"index, follow, max-snippet:-1, max-image-preview:large, max-video-preview:-1\" \/>\n<link rel=\"canonical\" href=\"https:\/\/1875.lu\/fr\/societe\/equipe-et-carriere\/conseil-consultatif\/\" \/>\n<meta property=\"og:locale\" content=\"fr_FR\" \/>\n<meta property=\"og:type\" content=\"article\" \/>\n<meta property=\"og:title\" content=\"Conseil consultatif - 1875 Finance\" \/>\n<meta property=\"og:description\" content=\"[vc_row row_height_percent=\u00a0\u00bb0&Prime; override_padding=\u00a0\u00bbyes\u00a0\u00bb h_padding=\u00a0\u00bb2&Prime; top_padding=\u00a0\u00bb5&Prime; bottom_padding=\u00a0\u00bb2&Prime; overlay_alpha=\u00a0\u00bb50&Prime; gutter_size=\u00a0\u00bb3&Prime; column_width_percent=\u00a0\u00bb100&Prime; shift_y=\u00a0\u00bb0&Prime; z_index=\u00a0\u00bb0&Prime;][vc_column column_width_percent=\u00a0\u00bb100&Prime; align_horizontal=\u00a0\u00bbalign_center\u00a0\u00bb gutter_size=\u00a0\u00bb3&Prime; overlay_alpha=\u00a0\u00bb50&Prime; shift_x=\u00a0\u00bb0&Prime; shift_y=\u00a0\u00bb0&Prime; shift_y_down=\u00a0\u00bb0&Prime; z_index=\u00a0\u00bb0&Prime; medium_width=\u00a0\u00bb0&Prime; [&hellip;]\" \/>\n<meta property=\"og:url\" content=\"https:\/\/1875.lu\/fr\/societe\/equipe-et-carriere\/conseil-consultatif\/\" \/>\n<meta property=\"og:site_name\" content=\"1875 Finance\" \/>\n<meta property=\"article:publisher\" content=\"https:\/\/www.facebook.com\/1875finance\/?fref=ts\" \/>\n<meta property=\"article:modified_time\" content=\"2020-10-29T02:37:15+00:00\" \/>\n<meta property=\"og:image\" content=\"https:\/\/1875.lu\/wp-content\/uploads\/sites\/2\/2020\/03\/websiteimagery24-opt.jpg\" \/>\n\t<meta property=\"og:image:width\" content=\"2560\" \/>\n\t<meta property=\"og:image:height\" content=\"1307\" \/>\n\t<meta property=\"og:image:type\" content=\"image\/jpeg\" \/>\n<meta name=\"twitter:card\" content=\"summary_large_image\" \/>\n<meta name=\"twitter:label1\" content=\"Dur\u00e9e de lecture estim\u00e9e\" \/>\n\t<meta name=\"twitter:data1\" content=\"3 minutes\" \/>\n<script type=\"application\/ld+json\" class=\"yoast-schema-graph\">{\"@context\":\"https:\\\/\\\/schema.org\",\"@graph\":[{\"@type\":\"WebPage\",\"@id\":\"https:\\\/\\\/1875.lu\\\/fr\\\/societe\\\/equipe-et-carriere\\\/conseil-consultatif\\\/\",\"url\":\"https:\\\/\\\/1875.lu\\\/fr\\\/societe\\\/equipe-et-carriere\\\/conseil-consultatif\\\/\",\"name\":\"Conseil consultatif - 1875 Finance\",\"isPartOf\":{\"@id\":\"https:\\\/\\\/1875.lu\\\/fr\\\/#website\"},\"primaryImageOfPage\":{\"@id\":\"https:\\\/\\\/1875.lu\\\/fr\\\/societe\\\/equipe-et-carriere\\\/conseil-consultatif\\\/#primaryimage\"},\"image\":{\"@id\":\"https:\\\/\\\/1875.lu\\\/fr\\\/societe\\\/equipe-et-carriere\\\/conseil-consultatif\\\/#primaryimage\"},\"thumbnailUrl\":\"https:\\\/\\\/1875.lu\\\/wp-content\\\/uploads\\\/sites\\\/2\\\/2020\\\/03\\\/websiteimagery24-opt.jpg\",\"datePublished\":\"2020-04-27T01:24:31+00:00\",\"dateModified\":\"2020-10-29T02:37:15+00:00\",\"breadcrumb\":{\"@id\":\"https:\\\/\\\/1875.lu\\\/fr\\\/societe\\\/equipe-et-carriere\\\/conseil-consultatif\\\/#breadcrumb\"},\"inLanguage\":\"fr-FR\",\"potentialAction\":[{\"@type\":\"ReadAction\",\"target\":[\"https:\\\/\\\/1875.lu\\\/fr\\\/societe\\\/equipe-et-carriere\\\/conseil-consultatif\\\/\"]}]},{\"@type\":\"ImageObject\",\"inLanguage\":\"fr-FR\",\"@id\":\"https:\\\/\\\/1875.lu\\\/fr\\\/societe\\\/equipe-et-carriere\\\/conseil-consultatif\\\/#primaryimage\",\"url\":\"https:\\\/\\\/1875.lu\\\/wp-content\\\/uploads\\\/sites\\\/2\\\/2020\\\/03\\\/websiteimagery24-opt.jpg\",\"contentUrl\":\"https:\\\/\\\/1875.lu\\\/wp-content\\\/uploads\\\/sites\\\/2\\\/2020\\\/03\\\/websiteimagery24-opt.jpg\",\"width\":2560,\"height\":1307},{\"@type\":\"BreadcrumbList\",\"@id\":\"https:\\\/\\\/1875.lu\\\/fr\\\/societe\\\/equipe-et-carriere\\\/conseil-consultatif\\\/#breadcrumb\",\"itemListElement\":[{\"@type\":\"ListItem\",\"position\":1,\"name\":\"Home\",\"item\":\"https:\\\/\\\/1875.lu\\\/fr\\\/\"},{\"@type\":\"ListItem\",\"position\":2,\"name\":\"Soci\u00e9t\u00e9\",\"item\":\"https:\\\/\\\/1875.lu\\\/fr\\\/societe\\\/\"},{\"@type\":\"ListItem\",\"position\":3,\"name\":\"Equipe et carri\u00e8re\",\"item\":\"https:\\\/\\\/1875.lu\\\/fr\\\/societe\\\/equipe-et-carriere\\\/\"},{\"@type\":\"ListItem\",\"position\":4,\"name\":\"Conseil consultatif\"}]},{\"@type\":\"WebSite\",\"@id\":\"https:\\\/\\\/1875.lu\\\/fr\\\/#website\",\"url\":\"https:\\\/\\\/1875.lu\\\/fr\\\/\",\"name\":\"1875 Finance\",\"description\":\"The Financial Place to Be\",\"publisher\":{\"@id\":\"https:\\\/\\\/1875.lu\\\/fr\\\/#organization\"},\"potentialAction\":[{\"@type\":\"SearchAction\",\"target\":{\"@type\":\"EntryPoint\",\"urlTemplate\":\"https:\\\/\\\/1875.lu\\\/fr\\\/?s={search_term_string}\"},\"query-input\":{\"@type\":\"PropertyValueSpecification\",\"valueRequired\":true,\"valueName\":\"search_term_string\"}}],\"inLanguage\":\"fr-FR\"},{\"@type\":\"Organization\",\"@id\":\"https:\\\/\\\/1875.lu\\\/fr\\\/#organization\",\"name\":\"1875 Finance\",\"url\":\"https:\\\/\\\/1875.lu\\\/fr\\\/\",\"logo\":{\"@type\":\"ImageObject\",\"inLanguage\":\"fr-FR\",\"@id\":\"https:\\\/\\\/1875.lu\\\/fr\\\/#\\\/schema\\\/logo\\\/image\\\/\",\"url\":\"https:\\\/\\\/1875.lu\\\/wp-content\\\/uploads\\\/sites\\\/2\\\/2020\\\/03\\\/1875-logo.png\",\"contentUrl\":\"https:\\\/\\\/1875.lu\\\/wp-content\\\/uploads\\\/sites\\\/2\\\/2020\\\/03\\\/1875-logo.png\",\"width\":220,\"height\":220,\"caption\":\"1875 Finance\"},\"image\":{\"@id\":\"https:\\\/\\\/1875.lu\\\/fr\\\/#\\\/schema\\\/logo\\\/image\\\/\"},\"sameAs\":[\"https:\\\/\\\/www.facebook.com\\\/1875finance\\\/?fref=ts\",\"https:\\\/\\\/www.youtube.com\\\/channel\\\/UCZA0ykjGQrrEA3GBFkn8cAg\"]}]}<\/script>\n<!-- \/ Yoast SEO plugin. -->","yoast_head_json":{"title":"Conseil consultatif - 1875 Finance","robots":{"index":"index","follow":"follow","max-snippet":"max-snippet:-1","max-image-preview":"max-image-preview:large","max-video-preview":"max-video-preview:-1"},"canonical":"https:\/\/1875.lu\/fr\/societe\/equipe-et-carriere\/conseil-consultatif\/","og_locale":"fr_FR","og_type":"article","og_title":"Conseil consultatif - 1875 Finance","og_description":"[vc_row row_height_percent=\u00a0\u00bb0&Prime; override_padding=\u00a0\u00bbyes\u00a0\u00bb h_padding=\u00a0\u00bb2&Prime; top_padding=\u00a0\u00bb5&Prime; bottom_padding=\u00a0\u00bb2&Prime; overlay_alpha=\u00a0\u00bb50&Prime; gutter_size=\u00a0\u00bb3&Prime; column_width_percent=\u00a0\u00bb100&Prime; shift_y=\u00a0\u00bb0&Prime; z_index=\u00a0\u00bb0&Prime;][vc_column column_width_percent=\u00a0\u00bb100&Prime; align_horizontal=\u00a0\u00bbalign_center\u00a0\u00bb gutter_size=\u00a0\u00bb3&Prime; overlay_alpha=\u00a0\u00bb50&Prime; shift_x=\u00a0\u00bb0&Prime; shift_y=\u00a0\u00bb0&Prime; shift_y_down=\u00a0\u00bb0&Prime; z_index=\u00a0\u00bb0&Prime; medium_width=\u00a0\u00bb0&Prime; [&hellip;]","og_url":"https:\/\/1875.lu\/fr\/societe\/equipe-et-carriere\/conseil-consultatif\/","og_site_name":"1875 Finance","article_publisher":"https:\/\/www.facebook.com\/1875finance\/?fref=ts","article_modified_time":"2020-10-29T02:37:15+00:00","og_image":[{"width":2560,"height":1307,"url":"https:\/\/1875.lu\/wp-content\/uploads\/sites\/2\/2020\/03\/websiteimagery24-opt.jpg","type":"image\/jpeg"}],"twitter_card":"summary_large_image","twitter_misc":{"Dur\u00e9e de lecture estim\u00e9e":"3 minutes"},"schema":{"@context":"https:\/\/schema.org","@graph":[{"@type":"WebPage","@id":"https:\/\/1875.lu\/fr\/societe\/equipe-et-carriere\/conseil-consultatif\/","url":"https:\/\/1875.lu\/fr\/societe\/equipe-et-carriere\/conseil-consultatif\/","name":"Conseil consultatif - 1875 Finance","isPartOf":{"@id":"https:\/\/1875.lu\/fr\/#website"},"primaryImageOfPage":{"@id":"https:\/\/1875.lu\/fr\/societe\/equipe-et-carriere\/conseil-consultatif\/#primaryimage"},"image":{"@id":"https:\/\/1875.lu\/fr\/societe\/equipe-et-carriere\/conseil-consultatif\/#primaryimage"},"thumbnailUrl":"https:\/\/1875.lu\/wp-content\/uploads\/sites\/2\/2020\/03\/websiteimagery24-opt.jpg","datePublished":"2020-04-27T01:24:31+00:00","dateModified":"2020-10-29T02:37:15+00:00","breadcrumb":{"@id":"https:\/\/1875.lu\/fr\/societe\/equipe-et-carriere\/conseil-consultatif\/#breadcrumb"},"inLanguage":"fr-FR","potentialAction":[{"@type":"ReadAction","target":["https:\/\/1875.lu\/fr\/societe\/equipe-et-carriere\/conseil-consultatif\/"]}]},{"@type":"ImageObject","inLanguage":"fr-FR","@id":"https:\/\/1875.lu\/fr\/societe\/equipe-et-carriere\/conseil-consultatif\/#primaryimage","url":"https:\/\/1875.lu\/wp-content\/uploads\/sites\/2\/2020\/03\/websiteimagery24-opt.jpg","contentUrl":"https:\/\/1875.lu\/wp-content\/uploads\/sites\/2\/2020\/03\/websiteimagery24-opt.jpg","width":2560,"height":1307},{"@type":"BreadcrumbList","@id":"https:\/\/1875.lu\/fr\/societe\/equipe-et-carriere\/conseil-consultatif\/#breadcrumb","itemListElement":[{"@type":"ListItem","position":1,"name":"Home","item":"https:\/\/1875.lu\/fr\/"},{"@type":"ListItem","position":2,"name":"Soci\u00e9t\u00e9","item":"https:\/\/1875.lu\/fr\/societe\/"},{"@type":"ListItem","position":3,"name":"Equipe et carri\u00e8re","item":"https:\/\/1875.lu\/fr\/societe\/equipe-et-carriere\/"},{"@type":"ListItem","position":4,"name":"Conseil consultatif"}]},{"@type":"WebSite","@id":"https:\/\/1875.lu\/fr\/#website","url":"https:\/\/1875.lu\/fr\/","name":"1875 Finance","description":"The Financial Place to Be","publisher":{"@id":"https:\/\/1875.lu\/fr\/#organization"},"potentialAction":[{"@type":"SearchAction","target":{"@type":"EntryPoint","urlTemplate":"https:\/\/1875.lu\/fr\/?s={search_term_string}"},"query-input":{"@type":"PropertyValueSpecification","valueRequired":true,"valueName":"search_term_string"}}],"inLanguage":"fr-FR"},{"@type":"Organization","@id":"https:\/\/1875.lu\/fr\/#organization","name":"1875 Finance","url":"https:\/\/1875.lu\/fr\/","logo":{"@type":"ImageObject","inLanguage":"fr-FR","@id":"https:\/\/1875.lu\/fr\/#\/schema\/logo\/image\/","url":"https:\/\/1875.lu\/wp-content\/uploads\/sites\/2\/2020\/03\/1875-logo.png","contentUrl":"https:\/\/1875.lu\/wp-content\/uploads\/sites\/2\/2020\/03\/1875-logo.png","width":220,"height":220,"caption":"1875 Finance"},"image":{"@id":"https:\/\/1875.lu\/fr\/#\/schema\/logo\/image\/"},"sameAs":["https:\/\/www.facebook.com\/1875finance\/?fref=ts","https:\/\/www.youtube.com\/channel\/UCZA0ykjGQrrEA3GBFkn8cAg"]}]}},"_links":{"self":[{"href":"https:\/\/1875.lu\/fr\/wp-json\/wp\/v2\/pages\/87119","targetHints":{"allow":["GET"]}}],"collection":[{"href":"https:\/\/1875.lu\/fr\/wp-json\/wp\/v2\/pages"}],"about":[{"href":"https:\/\/1875.lu\/fr\/wp-json\/wp\/v2\/types\/page"}],"author":[{"embeddable":true,"href":"https:\/\/1875.lu\/fr\/wp-json\/wp\/v2\/users\/12"}],"replies":[{"embeddable":true,"href":"https:\/\/1875.lu\/fr\/wp-json\/wp\/v2\/comments?post=87119"}],"version-history":[{"count":0,"href":"https:\/\/1875.lu\/fr\/wp-json\/wp\/v2\/pages\/87119\/revisions"}],"up":[{"embeddable":true,"href":"https:\/\/1875.lu\/fr\/wp-json\/wp\/v2\/pages\/87109"}],"wp:featuredmedia":[{"embeddable":true,"href":"https:\/\/1875.lu\/fr\/wp-json\/wp\/v2\/media\/84280"}],"wp:attachment":[{"href":"https:\/\/1875.lu\/fr\/wp-json\/wp\/v2\/media?parent=87119"}],"curies":[{"name":"wp","href":"https:\/\/api.w.org\/{rel}","templated":true}]}}