{"id":87102,"date":"2020-04-09T02:26:31","date_gmt":"2020-04-09T02:26:31","guid":{"rendered":"https:\/\/1875.lu\/unternehmen\/modell-und-werte\/"},"modified":"2020-11-01T14:32:45","modified_gmt":"2020-11-01T14:32:45","slug":"modell-und-werte","status":"publish","type":"page","link":"https:\/\/1875.lu\/de\/unternehmen\/modell-und-werte\/","title":{"rendered":"Modell und Werte"},"content":{"rendered":"<div class=\"wpb-content-wrapper\"><p>[vc_row row_height_percent=&#8220;0&#8243; override_padding=&#8220;yes&#8220; h_padding=&#8220;2&#8243; top_padding=&#8220;5&#8243; bottom_padding=&#8220;2&#8243; overlay_alpha=&#8220;50&#8243; gutter_size=&#8220;3&#8243; column_width_percent=&#8220;100&#8243; shift_y=&#8220;0&#8243; z_index=&#8220;0&#8243;][vc_column column_width_percent=&#8220;100&#8243; align_horizontal=&#8220;align_center&#8220; gutter_size=&#8220;3&#8243; overlay_alpha=&#8220;50&#8243; shift_x=&#8220;0&#8243; shift_y=&#8220;0&#8243; shift_y_down=&#8220;0&#8243; z_index=&#8220;0&#8243; medium_width=&#8220;0&#8243; mobile_width=&#8220;0&#8243; width=&#8220;1\/1&#8243;][vc_custom_heading heading_semantic=&#8220;h1&#8243; separator=&#8220;yes&#8220; separator_color=&#8220;yes&#8220; sub_lead=&#8220;yes&#8220; css_animation=&#8220;curtain&#8220; animation_delay=&#8220;200&#8243;]Das Unternehmen:<br \/>\nDas neue unabh\u00e4ngige Modell[\/vc_custom_heading][\/vc_column][\/vc_row][vc_row row_height_percent=&#8220;0&#8243; overlay_alpha=&#8220;50&#8243; gutter_size=&#8220;3&#8243; column_width_percent=&#8220;100&#8243; shift_y=&#8220;0&#8243; z_index=&#8220;0&#8243;][vc_column width=&#8220;1\/1&#8243;][vc_column_text]<\/p>\n<h4><strong>1875 FINANCE<\/strong>\u00a0bietet ein einzigartiges und innovatives Modell, das auf starken Werten wie Unabh\u00e4ngigkeit und Transparenz basiert. Dieses erm\u00f6glicht vor dem Hintergrund der Volatilit\u00e4t im Markt zuverl\u00e4ssige und performanceorientierte L\u00f6sungen f\u00fcr eine zunehmend anspruchsvolle Kundschaft.<\/h4>\n<p>[\/vc_column_text][\/vc_column][\/vc_row][vc_row row_height_percent=&#8220;0&#8243; overlay_alpha=&#8220;50&#8243; gutter_size=&#8220;3&#8243; column_width_percent=&#8220;100&#8243; shift_y=&#8220;0&#8243; z_index=&#8220;0&#8243;][vc_column width=&#8220;1\/2&#8243;][vc_column_text text_lead=&#8220;yes&#8220;]Unser Ziel ist es, unseren Kunden in einem von Unsicherheit und Volatilit\u00e4t gepr\u00e4gten Kontext performanceorientierte und solide L\u00f6sungen anzubieten. Unser Modell, das sich durch Transparenz und Unabh\u00e4ngigkeit auszeichnet, erlaubt es uns, die geeignetsten Kompetenzen zu kombinieren, um unsere Kunden \u2013 sei es Private oder institutionellen Kunden \u2013 am besten zu betreuen.[\/vc_column_text][\/vc_column][vc_column width=&#8220;1\/2&#8243;][vc_column_text text_lead=&#8220;yes&#8220;]<\/p>\n<h4>Risikokontrolle<\/h4>\n<p>Parallel dazu, sind wir bedacht auf Sicherheit, Risikokontrolle und Kapitalerhalt. Unser Modell untersteht der Regulierung durch die FINMA in der Schweiz und durch die CSSF in Luxemburg \u2013 was gemeinhin als G\u00fctesiegel gilt.[\/vc_column_text][\/vc_column][\/vc_row][vc_row row_height_percent=&#8220;0&#8243; override_padding=&#8220;yes&#8220; h_padding=&#8220;2&#8243; top_padding=&#8220;2&#8243; bottom_padding=&#8220;5&#8243; overlay_alpha=&#8220;50&#8243; gutter_size=&#8220;3&#8243; column_width_percent=&#8220;100&#8243; shift_y=&#8220;0&#8243; z_index=&#8220;0&#8243;][vc_column column_width_percent=&#8220;100&#8243; gutter_size=&#8220;3&#8243; override_padding=&#8220;yes&#8220; column_padding=&#8220;2&#8243; overlay_alpha=&#8220;50&#8243; shift_x=&#8220;0&#8243; shift_y=&#8220;0&#8243; shift_y_down=&#8220;0&#8243; z_index=&#8220;0&#8243; medium_width=&#8220;0&#8243; mobile_width=&#8220;0&#8243; width=&#8220;1\/2&#8243;][vc_single_image media=&#8220;83281&#8243; media_width_percent=&#8220;100&#8243; alignment=&#8220;center&#8220; css_animation=&#8220;alpha-anim&#8220; animation_speed=&#8220;500&#8243; animation_delay=&#8220;500&#8243;][\/vc_column][vc_column column_width_percent=&#8220;100&#8243; position_vertical=&#8220;middle&#8220; gutter_size=&#8220;3&#8243; overlay_alpha=&#8220;50&#8243; shift_x=&#8220;0&#8243; shift_y=&#8220;0&#8243; shift_y_down=&#8220;0&#8243; z_index=&#8220;0&#8243; medium_width=&#8220;0&#8243; mobile_width=&#8220;0&#8243; width=&#8220;1\/2&#8243;][vc_column_text text_lead=&#8220;yes&#8220;]<strong>Unabh\u00e4ngigkeit<br \/>\n<\/strong>Abweisen von Interessenkonflikten, offene Architektur<\/p>\n<p><strong>Kundenn\u00e4he<br \/>\n<\/strong>Massgeschneiderte Verwaltung, engagierte Betreuung<\/p>\n<p><strong>Sicherheit<br \/>\n<\/strong>Zulassung durch die FINMA und die CSSF, VSV Mitglied<\/p>\n<p><strong>Verantwortung<br \/>\n<\/strong>Langfristiges ethisches und strategisches Engagement.<\/p>\n<p><strong>Integration<br \/>\n<\/strong>Zusammenstellung zus\u00e4tzlicher Kompetenzen<\/p>\n<p><strong>Modellbildung<br \/>\n<\/strong>Systematisches, solides und reproduzierbares Allokationsverfahren[\/vc_column_text][\/vc_column][\/vc_row][vc_row][vc_column width=&#8220;1\/1&#8243;][uncode_block id=&#8220;84522&#8243;][\/vc_column][\/vc_row][vc_row][vc_column width=&#8220;1\/1&#8243;][uncode_block id=&#8220;82642&#8243;][\/vc_column][\/vc_row]<\/p>\n<\/div>","protected":false},"excerpt":{"rendered":"<p>[vc_row row_height_percent=&#8220;0&#8243; override_padding=&#8220;yes&#8220; h_padding=&#8220;2&#8243; top_padding=&#8220;5&#8243; bottom_padding=&#8220;2&#8243; overlay_alpha=&#8220;50&#8243; gutter_size=&#8220;3&#8243; column_width_percent=&#8220;100&#8243; shift_y=&#8220;0&#8243; z_index=&#8220;0&#8243;][vc_column column_width_percent=&#8220;100&#8243; align_horizontal=&#8220;align_center&#8220; gutter_size=&#8220;3&#8243; overlay_alpha=&#8220;50&#8243; shift_x=&#8220;0&#8243; shift_y=&#8220;0&#8243; shift_y_down=&#8220;0&#8243; z_index=&#8220;0&#8243; medium_width=&#8220;0&#8243; [&hellip;]<\/p>\n","protected":false},"author":12,"featured_media":84280,"parent":87087,"menu_order":0,"comment_status":"closed","ping_status":"closed","template":"","meta":{"_monsterinsights_skip_tracking":false,"_monsterinsights_sitenote_active":false,"_monsterinsights_sitenote_note":"","_monsterinsights_sitenote_category":0,"footnotes":""},"class_list":["post-87102","page","type-page","status-publish","has-post-thumbnail","hentry","page_category-company-de"],"yoast_head":"<!-- This site is optimized with the Yoast SEO plugin v27.3 - https:\/\/yoast.com\/product\/yoast-seo-wordpress\/ -->\n<title>Unternehmen - Modell und Werte - 1875 Finance<\/title>\n<meta name=\"description\" content=\"Unternehmen, Modell und Werte : 1875 FINANCE bietet ein einzigartiges und innovatives Modell, das auf starken Werten wie Unabh\u00e4ngigkeit und Transparenz basiert. Dieses erm\u00f6glicht vor dem Hintergrund der Volatilit\u00e4t im Markt zuverl\u00e4ssige und performanceorientierte L\u00f6sungen f\u00fcr eine zunehmend anspruchsvolle Kundschaft. Genf, Z\u00fcrich, Luxemburg, Hongkong.\" \/>\n<meta name=\"robots\" content=\"index, follow, max-snippet:-1, max-image-preview:large, max-video-preview:-1\" \/>\n<link rel=\"canonical\" href=\"https:\/\/1875.lu\/de\/unternehmen\/modell-und-werte\/\" \/>\n<meta property=\"og:locale\" content=\"de_DE\" \/>\n<meta property=\"og:type\" content=\"article\" \/>\n<meta property=\"og:title\" content=\"Unternehmen - Modell und Werte - 1875 Finance\" \/>\n<meta property=\"og:description\" content=\"Unternehmen, Modell und Werte : 1875 FINANCE bietet ein einzigartiges und innovatives Modell, das auf starken Werten wie Unabh\u00e4ngigkeit und Transparenz basiert. Dieses erm\u00f6glicht vor dem Hintergrund der Volatilit\u00e4t im Markt zuverl\u00e4ssige und performanceorientierte L\u00f6sungen f\u00fcr eine zunehmend anspruchsvolle Kundschaft. Genf, Z\u00fcrich, Luxemburg, Hongkong.\" \/>\n<meta property=\"og:url\" content=\"https:\/\/1875.lu\/de\/unternehmen\/modell-und-werte\/\" \/>\n<meta property=\"og:site_name\" content=\"1875 Finance\" \/>\n<meta property=\"article:publisher\" content=\"https:\/\/www.facebook.com\/1875finance\/?fref=ts\" \/>\n<meta property=\"article:modified_time\" content=\"2020-11-01T14:32:45+00:00\" \/>\n<meta property=\"og:image\" content=\"https:\/\/1875.lu\/wp-content\/uploads\/sites\/2\/2020\/03\/websiteimagery24-opt.jpg\" \/>\n\t<meta property=\"og:image:width\" content=\"2560\" \/>\n\t<meta property=\"og:image:height\" content=\"1307\" \/>\n\t<meta property=\"og:image:type\" content=\"image\/jpeg\" \/>\n<meta name=\"twitter:card\" content=\"summary_large_image\" \/>\n<meta name=\"twitter:label1\" content=\"Gesch\u00e4tzte Lesezeit\" \/>\n\t<meta name=\"twitter:data1\" content=\"2\u00a0Minuten\" \/>\n<script type=\"application\/ld+json\" class=\"yoast-schema-graph\">{\"@context\":\"https:\\\/\\\/schema.org\",\"@graph\":[{\"@type\":\"WebPage\",\"@id\":\"https:\\\/\\\/1875.lu\\\/de\\\/unternehmen\\\/modell-und-werte\\\/\",\"url\":\"https:\\\/\\\/1875.lu\\\/de\\\/unternehmen\\\/modell-und-werte\\\/\",\"name\":\"Unternehmen - Modell und Werte - 1875 Finance\",\"isPartOf\":{\"@id\":\"https:\\\/\\\/1875.lu\\\/de\\\/#website\"},\"primaryImageOfPage\":{\"@id\":\"https:\\\/\\\/1875.lu\\\/de\\\/unternehmen\\\/modell-und-werte\\\/#primaryimage\"},\"image\":{\"@id\":\"https:\\\/\\\/1875.lu\\\/de\\\/unternehmen\\\/modell-und-werte\\\/#primaryimage\"},\"thumbnailUrl\":\"https:\\\/\\\/1875.lu\\\/wp-content\\\/uploads\\\/sites\\\/2\\\/2020\\\/03\\\/websiteimagery24-opt.jpg\",\"datePublished\":\"2020-04-09T02:26:31+00:00\",\"dateModified\":\"2020-11-01T14:32:45+00:00\",\"description\":\"Unternehmen, Modell und Werte : 1875 FINANCE bietet ein einzigartiges und innovatives Modell, das auf starken Werten wie Unabh\u00e4ngigkeit und Transparenz basiert. Dieses erm\u00f6glicht vor dem Hintergrund der Volatilit\u00e4t im Markt zuverl\u00e4ssige und performanceorientierte L\u00f6sungen f\u00fcr eine zunehmend anspruchsvolle Kundschaft. Genf, Z\u00fcrich, Luxemburg, Hongkong.\",\"breadcrumb\":{\"@id\":\"https:\\\/\\\/1875.lu\\\/de\\\/unternehmen\\\/modell-und-werte\\\/#breadcrumb\"},\"inLanguage\":\"de\",\"potentialAction\":[{\"@type\":\"ReadAction\",\"target\":[\"https:\\\/\\\/1875.lu\\\/de\\\/unternehmen\\\/modell-und-werte\\\/\"]}]},{\"@type\":\"ImageObject\",\"inLanguage\":\"de\",\"@id\":\"https:\\\/\\\/1875.lu\\\/de\\\/unternehmen\\\/modell-und-werte\\\/#primaryimage\",\"url\":\"https:\\\/\\\/1875.lu\\\/wp-content\\\/uploads\\\/sites\\\/2\\\/2020\\\/03\\\/websiteimagery24-opt.jpg\",\"contentUrl\":\"https:\\\/\\\/1875.lu\\\/wp-content\\\/uploads\\\/sites\\\/2\\\/2020\\\/03\\\/websiteimagery24-opt.jpg\",\"width\":2560,\"height\":1307},{\"@type\":\"BreadcrumbList\",\"@id\":\"https:\\\/\\\/1875.lu\\\/de\\\/unternehmen\\\/modell-und-werte\\\/#breadcrumb\",\"itemListElement\":[{\"@type\":\"ListItem\",\"position\":1,\"name\":\"Home\",\"item\":\"https:\\\/\\\/1875.lu\\\/de\\\/\"},{\"@type\":\"ListItem\",\"position\":2,\"name\":\"Unternehmen\",\"item\":\"https:\\\/\\\/1875.lu\\\/de\\\/unternehmen\\\/\"},{\"@type\":\"ListItem\",\"position\":3,\"name\":\"Modell und Werte\"}]},{\"@type\":\"WebSite\",\"@id\":\"https:\\\/\\\/1875.lu\\\/de\\\/#website\",\"url\":\"https:\\\/\\\/1875.lu\\\/de\\\/\",\"name\":\"1875 Finance\",\"description\":\"The Financial Place to Be\",\"publisher\":{\"@id\":\"https:\\\/\\\/1875.lu\\\/de\\\/#organization\"},\"potentialAction\":[{\"@type\":\"SearchAction\",\"target\":{\"@type\":\"EntryPoint\",\"urlTemplate\":\"https:\\\/\\\/1875.lu\\\/de\\\/?s={search_term_string}\"},\"query-input\":{\"@type\":\"PropertyValueSpecification\",\"valueRequired\":true,\"valueName\":\"search_term_string\"}}],\"inLanguage\":\"de\"},{\"@type\":\"Organization\",\"@id\":\"https:\\\/\\\/1875.lu\\\/de\\\/#organization\",\"name\":\"1875 Finance\",\"url\":\"https:\\\/\\\/1875.lu\\\/de\\\/\",\"logo\":{\"@type\":\"ImageObject\",\"inLanguage\":\"de\",\"@id\":\"https:\\\/\\\/1875.lu\\\/de\\\/#\\\/schema\\\/logo\\\/image\\\/\",\"url\":\"https:\\\/\\\/1875.lu\\\/wp-content\\\/uploads\\\/sites\\\/2\\\/2020\\\/03\\\/1875-logo.png\",\"contentUrl\":\"https:\\\/\\\/1875.lu\\\/wp-content\\\/uploads\\\/sites\\\/2\\\/2020\\\/03\\\/1875-logo.png\",\"width\":220,\"height\":220,\"caption\":\"1875 Finance\"},\"image\":{\"@id\":\"https:\\\/\\\/1875.lu\\\/de\\\/#\\\/schema\\\/logo\\\/image\\\/\"},\"sameAs\":[\"https:\\\/\\\/www.facebook.com\\\/1875finance\\\/?fref=ts\",\"https:\\\/\\\/www.youtube.com\\\/channel\\\/UCZA0ykjGQrrEA3GBFkn8cAg\"]}]}<\/script>\n<!-- \/ Yoast SEO plugin. -->","yoast_head_json":{"title":"Unternehmen - Modell und Werte - 1875 Finance","description":"Unternehmen, Modell und Werte : 1875 FINANCE bietet ein einzigartiges und innovatives Modell, das auf starken Werten wie Unabh\u00e4ngigkeit und Transparenz basiert. Dieses erm\u00f6glicht vor dem Hintergrund der Volatilit\u00e4t im Markt zuverl\u00e4ssige und performanceorientierte L\u00f6sungen f\u00fcr eine zunehmend anspruchsvolle Kundschaft. Genf, Z\u00fcrich, Luxemburg, Hongkong.","robots":{"index":"index","follow":"follow","max-snippet":"max-snippet:-1","max-image-preview":"max-image-preview:large","max-video-preview":"max-video-preview:-1"},"canonical":"https:\/\/1875.lu\/de\/unternehmen\/modell-und-werte\/","og_locale":"de_DE","og_type":"article","og_title":"Unternehmen - Modell und Werte - 1875 Finance","og_description":"Unternehmen, Modell und Werte : 1875 FINANCE bietet ein einzigartiges und innovatives Modell, das auf starken Werten wie Unabh\u00e4ngigkeit und Transparenz basiert. Dieses erm\u00f6glicht vor dem Hintergrund der Volatilit\u00e4t im Markt zuverl\u00e4ssige und performanceorientierte L\u00f6sungen f\u00fcr eine zunehmend anspruchsvolle Kundschaft. Genf, Z\u00fcrich, Luxemburg, Hongkong.","og_url":"https:\/\/1875.lu\/de\/unternehmen\/modell-und-werte\/","og_site_name":"1875 Finance","article_publisher":"https:\/\/www.facebook.com\/1875finance\/?fref=ts","article_modified_time":"2020-11-01T14:32:45+00:00","og_image":[{"width":2560,"height":1307,"url":"https:\/\/1875.lu\/wp-content\/uploads\/sites\/2\/2020\/03\/websiteimagery24-opt.jpg","type":"image\/jpeg"}],"twitter_card":"summary_large_image","twitter_misc":{"Gesch\u00e4tzte Lesezeit":"2\u00a0Minuten"},"schema":{"@context":"https:\/\/schema.org","@graph":[{"@type":"WebPage","@id":"https:\/\/1875.lu\/de\/unternehmen\/modell-und-werte\/","url":"https:\/\/1875.lu\/de\/unternehmen\/modell-und-werte\/","name":"Unternehmen - Modell und Werte - 1875 Finance","isPartOf":{"@id":"https:\/\/1875.lu\/de\/#website"},"primaryImageOfPage":{"@id":"https:\/\/1875.lu\/de\/unternehmen\/modell-und-werte\/#primaryimage"},"image":{"@id":"https:\/\/1875.lu\/de\/unternehmen\/modell-und-werte\/#primaryimage"},"thumbnailUrl":"https:\/\/1875.lu\/wp-content\/uploads\/sites\/2\/2020\/03\/websiteimagery24-opt.jpg","datePublished":"2020-04-09T02:26:31+00:00","dateModified":"2020-11-01T14:32:45+00:00","description":"Unternehmen, Modell und Werte : 1875 FINANCE bietet ein einzigartiges und innovatives Modell, das auf starken Werten wie Unabh\u00e4ngigkeit und Transparenz basiert. Dieses erm\u00f6glicht vor dem Hintergrund der Volatilit\u00e4t im Markt zuverl\u00e4ssige und performanceorientierte L\u00f6sungen f\u00fcr eine zunehmend anspruchsvolle Kundschaft. Genf, Z\u00fcrich, Luxemburg, Hongkong.","breadcrumb":{"@id":"https:\/\/1875.lu\/de\/unternehmen\/modell-und-werte\/#breadcrumb"},"inLanguage":"de","potentialAction":[{"@type":"ReadAction","target":["https:\/\/1875.lu\/de\/unternehmen\/modell-und-werte\/"]}]},{"@type":"ImageObject","inLanguage":"de","@id":"https:\/\/1875.lu\/de\/unternehmen\/modell-und-werte\/#primaryimage","url":"https:\/\/1875.lu\/wp-content\/uploads\/sites\/2\/2020\/03\/websiteimagery24-opt.jpg","contentUrl":"https:\/\/1875.lu\/wp-content\/uploads\/sites\/2\/2020\/03\/websiteimagery24-opt.jpg","width":2560,"height":1307},{"@type":"BreadcrumbList","@id":"https:\/\/1875.lu\/de\/unternehmen\/modell-und-werte\/#breadcrumb","itemListElement":[{"@type":"ListItem","position":1,"name":"Home","item":"https:\/\/1875.lu\/de\/"},{"@type":"ListItem","position":2,"name":"Unternehmen","item":"https:\/\/1875.lu\/de\/unternehmen\/"},{"@type":"ListItem","position":3,"name":"Modell und Werte"}]},{"@type":"WebSite","@id":"https:\/\/1875.lu\/de\/#website","url":"https:\/\/1875.lu\/de\/","name":"1875 Finance","description":"The Financial Place to Be","publisher":{"@id":"https:\/\/1875.lu\/de\/#organization"},"potentialAction":[{"@type":"SearchAction","target":{"@type":"EntryPoint","urlTemplate":"https:\/\/1875.lu\/de\/?s={search_term_string}"},"query-input":{"@type":"PropertyValueSpecification","valueRequired":true,"valueName":"search_term_string"}}],"inLanguage":"de"},{"@type":"Organization","@id":"https:\/\/1875.lu\/de\/#organization","name":"1875 Finance","url":"https:\/\/1875.lu\/de\/","logo":{"@type":"ImageObject","inLanguage":"de","@id":"https:\/\/1875.lu\/de\/#\/schema\/logo\/image\/","url":"https:\/\/1875.lu\/wp-content\/uploads\/sites\/2\/2020\/03\/1875-logo.png","contentUrl":"https:\/\/1875.lu\/wp-content\/uploads\/sites\/2\/2020\/03\/1875-logo.png","width":220,"height":220,"caption":"1875 Finance"},"image":{"@id":"https:\/\/1875.lu\/de\/#\/schema\/logo\/image\/"},"sameAs":["https:\/\/www.facebook.com\/1875finance\/?fref=ts","https:\/\/www.youtube.com\/channel\/UCZA0ykjGQrrEA3GBFkn8cAg"]}]}},"_links":{"self":[{"href":"https:\/\/1875.lu\/de\/wp-json\/wp\/v2\/pages\/87102","targetHints":{"allow":["GET"]}}],"collection":[{"href":"https:\/\/1875.lu\/de\/wp-json\/wp\/v2\/pages"}],"about":[{"href":"https:\/\/1875.lu\/de\/wp-json\/wp\/v2\/types\/page"}],"author":[{"embeddable":true,"href":"https:\/\/1875.lu\/de\/wp-json\/wp\/v2\/users\/12"}],"replies":[{"embeddable":true,"href":"https:\/\/1875.lu\/de\/wp-json\/wp\/v2\/comments?post=87102"}],"version-history":[{"count":1,"href":"https:\/\/1875.lu\/de\/wp-json\/wp\/v2\/pages\/87102\/revisions"}],"predecessor-version":[{"id":87225,"href":"https:\/\/1875.lu\/de\/wp-json\/wp\/v2\/pages\/87102\/revisions\/87225"}],"up":[{"embeddable":true,"href":"https:\/\/1875.lu\/de\/wp-json\/wp\/v2\/pages\/87087"}],"wp:featuredmedia":[{"embeddable":true,"href":"https:\/\/1875.lu\/de\/wp-json\/wp\/v2\/media\/84280"}],"wp:attachment":[{"href":"https:\/\/1875.lu\/de\/wp-json\/wp\/v2\/media?parent=87102"}],"curies":[{"name":"wp","href":"https:\/\/api.w.org\/{rel}","templated":true}]}}