{"id":86980,"date":"2020-04-26T00:31:00","date_gmt":"2020-04-26T00:31:00","guid":{"rendered":"https:\/\/1875.lu\/branchen\/institutionelle-kunden\/investitionsprozess\/"},"modified":"2020-10-29T00:47:22","modified_gmt":"2020-10-29T00:47:22","slug":"investitionsprozess","status":"publish","type":"page","link":"https:\/\/1875.lu\/de\/branchen\/institutionelle-kunden\/investitionsprozess\/","title":{"rendered":"Investitionsprozess"},"content":{"rendered":"<div class=\"wpb-content-wrapper\"><p>[vc_row row_height_percent=&#8220;0&#8243; override_padding=&#8220;yes&#8220; h_padding=&#8220;2&#8243; top_padding=&#8220;5&#8243; bottom_padding=&#8220;2&#8243; overlay_alpha=&#8220;50&#8243; gutter_size=&#8220;3&#8243; column_width_percent=&#8220;100&#8243; shift_y=&#8220;0&#8243; z_index=&#8220;0&#8243;][vc_column column_width_percent=&#8220;100&#8243; align_horizontal=&#8220;align_center&#8220; gutter_size=&#8220;3&#8243; overlay_alpha=&#8220;50&#8243; shift_x=&#8220;0&#8243; shift_y=&#8220;0&#8243; shift_y_down=&#8220;0&#8243; z_index=&#8220;0&#8243; medium_width=&#8220;0&#8243; mobile_width=&#8220;0&#8243; width=&#8220;1\/1&#8243;][vc_custom_heading heading_semantic=&#8220;h1&#8243; separator=&#8220;yes&#8220; separator_color=&#8220;yes&#8220; sub_lead=&#8220;yes&#8220; css_animation=&#8220;curtain&#8220; animation_delay=&#8220;200&#8243;]Institutionelle Kunden:<br \/>\nF\u00fcr Pensionskassen[\/vc_custom_heading][\/vc_column][\/vc_row][vc_row row_height_percent=&#8220;0&#8243; overlay_alpha=&#8220;50&#8243; gutter_size=&#8220;3&#8243; column_width_percent=&#8220;100&#8243; shift_y=&#8220;0&#8243; z_index=&#8220;0&#8243;][vc_column width=&#8220;1\/1&#8243;][vc_column_text]<\/p>\n<h4>Institutionelle Anleger k\u00f6nnen vollumf\u00e4nglich vom einzigartigen Modell von\u00a0<strong>1875 FINANCE<\/strong>\u00a0profitieren, das Unabh\u00e4ngigkeit und Fachwissen, ein gutes Netzwerk und modernste Tools miteinander vereint. Im Rahmen eines speziell f\u00fcr Pensionskassen konzipierten Globalansatzes entfaltet sich das gesamte Potential unserer Anlagestrategie in Bezug auf Solidit\u00e4t und Performance.<\/h4>\n<p>[\/vc_column_text][\/vc_column][\/vc_row][vc_row row_height_percent=&#8220;0&#8243; override_padding=&#8220;yes&#8220; h_padding=&#8220;7&#8243; top_padding=&#8220;2&#8243; bottom_padding=&#8220;2&#8243; overlay_alpha=&#8220;50&#8243; gutter_size=&#8220;3&#8243; column_width_percent=&#8220;100&#8243; shift_y=&#8220;0&#8243; z_index=&#8220;0&#8243;][vc_column width=&#8220;1\/1&#8243;][vc_single_image media=&#8220;83189&#8243; media_width_percent=&#8220;100&#8243; css_animation=&#8220;alpha-anim&#8220; animation_speed=&#8220;500&#8243; animation_delay=&#8220;500&#8243;][\/vc_column][\/vc_row][vc_row row_height_percent=&#8220;0&#8243; override_padding=&#8220;yes&#8220; h_padding=&#8220;2&#8243; top_padding=&#8220;2&#8243; bottom_padding=&#8220;5&#8243; overlay_alpha=&#8220;50&#8243; gutter_size=&#8220;3&#8243; column_width_percent=&#8220;100&#8243; shift_y=&#8220;0&#8243; z_index=&#8220;0&#8243;][vc_column width=&#8220;1\/2&#8243;][vc_column_text text_lead=&#8220;yes&#8220;]<\/p>\n<h4>Anlagegrunds\u00e4tze<\/h4>\n<p>Hinsichtlich Investments st\u00fctzt sich unser Ansatz auf mehrere wesentliche \u00dcberzeugungen:[\/vc_column_text][uncode_list larger=&#8220;yes&#8220; icon=&#8220;fa fa-arrow-right-thick&#8220; icon_color=&#8220;accent&#8220;]<\/p>\n<ul>\n<li>Das Zur\u00fcckgreifen auf ein solides und bew\u00e4hrtes Modell der Verm\u00f6gens\u00acallokation erlaubt die Neutralisierung kognitiver Verzerrungen.<\/li>\n<li>Tools zur Risikooptimierung und \u00dcberwachung erm\u00f6glichen eine bestm\u00f6gliche Regulierung des Verh\u00e4ltnisses von Risiko zu Rendite des Portfolios.<\/li>\n<\/ul>\n<p>[\/uncode_list][\/vc_column][vc_column width=&#8220;1\/2&#8243;][uncode_list larger=&#8220;yes&#8220; icon=&#8220;fa fa-arrow-right-thick&#8220; icon_color=&#8220;accent&#8220;]<\/p>\n<ul>\n<li>Ein Verst\u00e4ndnis f\u00fcr die Marktsituation zu ermitteln, ist das beste Mittel zur Erzielung von Performance.<\/li>\n<li>Ein aktives W\u00e4hrungsmanagement und ein Verbleib in der Referenzw\u00e4hrung des Portfolios erlauben es, globale Risiken in diesem Bereich zu vermeiden.<\/li>\n<li>Transparenz, Liquidit\u00e4t, Qualit\u00e4t und Kostenkontrolle sind die wesentlichen Kriterien f\u00fcr die Auswahl der Anlagen.<\/li>\n<li>Langj\u00e4hrige Erfahrung ist ein wesentlicher Faktor f\u00fcr Performance.<\/li>\n<\/ul>\n<p>[\/uncode_list][\/vc_column][\/vc_row][vc_row][vc_column width=&#8220;1\/1&#8243;][uncode_block id=&#8220;84977&#8243;][\/vc_column][\/vc_row]<\/p>\n<\/div>","protected":false},"excerpt":{"rendered":"<p>[vc_row row_height_percent=&#8220;0&#8243; override_padding=&#8220;yes&#8220; h_padding=&#8220;2&#8243; top_padding=&#8220;5&#8243; bottom_padding=&#8220;2&#8243; overlay_alpha=&#8220;50&#8243; gutter_size=&#8220;3&#8243; column_width_percent=&#8220;100&#8243; shift_y=&#8220;0&#8243; z_index=&#8220;0&#8243;][vc_column column_width_percent=&#8220;100&#8243; align_horizontal=&#8220;align_center&#8220; gutter_size=&#8220;3&#8243; overlay_alpha=&#8220;50&#8243; shift_x=&#8220;0&#8243; shift_y=&#8220;0&#8243; shift_y_down=&#8220;0&#8243; z_index=&#8220;0&#8243; medium_width=&#8220;0&#8243; [&hellip;]<\/p>\n","protected":false},"author":12,"featured_media":0,"parent":86977,"menu_order":0,"comment_status":"closed","ping_status":"closed","template":"","meta":{"_monsterinsights_skip_tracking":false,"_monsterinsights_sitenote_active":false,"_monsterinsights_sitenote_note":"","_monsterinsights_sitenote_category":0,"footnotes":""},"class_list":["post-86980","page","type-page","status-publish","hentry"],"yoast_head":"<!-- This site is optimized with the Yoast SEO plugin v27.3 - https:\/\/yoast.com\/product\/yoast-seo-wordpress\/ -->\n<title>Investitionsprozess - 1875 Finance<\/title>\n<meta name=\"robots\" content=\"index, follow, max-snippet:-1, max-image-preview:large, max-video-preview:-1\" \/>\n<link rel=\"canonical\" href=\"https:\/\/1875.lu\/de\/branchen\/institutionelle-kunden\/investitionsprozess\/\" \/>\n<meta property=\"og:locale\" content=\"de_DE\" \/>\n<meta property=\"og:type\" content=\"article\" \/>\n<meta property=\"og:title\" content=\"Investitionsprozess - 1875 Finance\" \/>\n<meta property=\"og:description\" content=\"[vc_row row_height_percent=&#8220;0&#8243; override_padding=&#8220;yes&#8220; h_padding=&#8220;2&#8243; top_padding=&#8220;5&#8243; bottom_padding=&#8220;2&#8243; overlay_alpha=&#8220;50&#8243; gutter_size=&#8220;3&#8243; column_width_percent=&#8220;100&#8243; shift_y=&#8220;0&#8243; z_index=&#8220;0&#8243;][vc_column column_width_percent=&#8220;100&#8243; align_horizontal=&#8220;align_center&#8220; gutter_size=&#8220;3&#8243; overlay_alpha=&#8220;50&#8243; shift_x=&#8220;0&#8243; shift_y=&#8220;0&#8243; shift_y_down=&#8220;0&#8243; z_index=&#8220;0&#8243; medium_width=&#8220;0&#8243; [&hellip;]\" \/>\n<meta property=\"og:url\" content=\"https:\/\/1875.lu\/de\/branchen\/institutionelle-kunden\/investitionsprozess\/\" \/>\n<meta property=\"og:site_name\" content=\"1875 Finance\" \/>\n<meta property=\"article:publisher\" content=\"https:\/\/www.facebook.com\/1875finance\/?fref=ts\" \/>\n<meta property=\"article:modified_time\" content=\"2020-10-29T00:47:22+00:00\" \/>\n<meta name=\"twitter:card\" content=\"summary_large_image\" \/>\n<meta name=\"twitter:label1\" content=\"Gesch\u00e4tzte Lesezeit\" \/>\n\t<meta name=\"twitter:data1\" content=\"2\u00a0Minuten\" \/>\n<script type=\"application\/ld+json\" class=\"yoast-schema-graph\">{\"@context\":\"https:\\\/\\\/schema.org\",\"@graph\":[{\"@type\":\"WebPage\",\"@id\":\"https:\\\/\\\/1875.lu\\\/de\\\/branchen\\\/institutionelle-kunden\\\/investitionsprozess\\\/\",\"url\":\"https:\\\/\\\/1875.lu\\\/de\\\/branchen\\\/institutionelle-kunden\\\/investitionsprozess\\\/\",\"name\":\"Investitionsprozess - 1875 Finance\",\"isPartOf\":{\"@id\":\"https:\\\/\\\/1875.lu\\\/de\\\/#website\"},\"datePublished\":\"2020-04-26T00:31:00+00:00\",\"dateModified\":\"2020-10-29T00:47:22+00:00\",\"breadcrumb\":{\"@id\":\"https:\\\/\\\/1875.lu\\\/de\\\/branchen\\\/institutionelle-kunden\\\/investitionsprozess\\\/#breadcrumb\"},\"inLanguage\":\"de\",\"potentialAction\":[{\"@type\":\"ReadAction\",\"target\":[\"https:\\\/\\\/1875.lu\\\/de\\\/branchen\\\/institutionelle-kunden\\\/investitionsprozess\\\/\"]}]},{\"@type\":\"BreadcrumbList\",\"@id\":\"https:\\\/\\\/1875.lu\\\/de\\\/branchen\\\/institutionelle-kunden\\\/investitionsprozess\\\/#breadcrumb\",\"itemListElement\":[{\"@type\":\"ListItem\",\"position\":1,\"name\":\"Home\",\"item\":\"https:\\\/\\\/1875.lu\\\/de\\\/\"},{\"@type\":\"ListItem\",\"position\":2,\"name\":\"Branchen\",\"item\":\"https:\\\/\\\/1875.lu\\\/de\\\/branchen\\\/\"},{\"@type\":\"ListItem\",\"position\":3,\"name\":\"Institutionelle Kunden\",\"item\":\"https:\\\/\\\/1875.lu\\\/de\\\/branchen\\\/institutionelle-kunden\\\/\"},{\"@type\":\"ListItem\",\"position\":4,\"name\":\"Investitionsprozess\"}]},{\"@type\":\"WebSite\",\"@id\":\"https:\\\/\\\/1875.lu\\\/de\\\/#website\",\"url\":\"https:\\\/\\\/1875.lu\\\/de\\\/\",\"name\":\"1875 Finance\",\"description\":\"The Financial Place to Be\",\"publisher\":{\"@id\":\"https:\\\/\\\/1875.lu\\\/de\\\/#organization\"},\"potentialAction\":[{\"@type\":\"SearchAction\",\"target\":{\"@type\":\"EntryPoint\",\"urlTemplate\":\"https:\\\/\\\/1875.lu\\\/de\\\/?s={search_term_string}\"},\"query-input\":{\"@type\":\"PropertyValueSpecification\",\"valueRequired\":true,\"valueName\":\"search_term_string\"}}],\"inLanguage\":\"de\"},{\"@type\":\"Organization\",\"@id\":\"https:\\\/\\\/1875.lu\\\/de\\\/#organization\",\"name\":\"1875 Finance\",\"url\":\"https:\\\/\\\/1875.lu\\\/de\\\/\",\"logo\":{\"@type\":\"ImageObject\",\"inLanguage\":\"de\",\"@id\":\"https:\\\/\\\/1875.lu\\\/de\\\/#\\\/schema\\\/logo\\\/image\\\/\",\"url\":\"https:\\\/\\\/1875.lu\\\/wp-content\\\/uploads\\\/sites\\\/2\\\/2020\\\/03\\\/1875-logo.png\",\"contentUrl\":\"https:\\\/\\\/1875.lu\\\/wp-content\\\/uploads\\\/sites\\\/2\\\/2020\\\/03\\\/1875-logo.png\",\"width\":220,\"height\":220,\"caption\":\"1875 Finance\"},\"image\":{\"@id\":\"https:\\\/\\\/1875.lu\\\/de\\\/#\\\/schema\\\/logo\\\/image\\\/\"},\"sameAs\":[\"https:\\\/\\\/www.facebook.com\\\/1875finance\\\/?fref=ts\",\"https:\\\/\\\/www.youtube.com\\\/channel\\\/UCZA0ykjGQrrEA3GBFkn8cAg\"]}]}<\/script>\n<!-- \/ Yoast SEO plugin. -->","yoast_head_json":{"title":"Investitionsprozess - 1875 Finance","robots":{"index":"index","follow":"follow","max-snippet":"max-snippet:-1","max-image-preview":"max-image-preview:large","max-video-preview":"max-video-preview:-1"},"canonical":"https:\/\/1875.lu\/de\/branchen\/institutionelle-kunden\/investitionsprozess\/","og_locale":"de_DE","og_type":"article","og_title":"Investitionsprozess - 1875 Finance","og_description":"[vc_row row_height_percent=&#8220;0&#8243; override_padding=&#8220;yes&#8220; h_padding=&#8220;2&#8243; top_padding=&#8220;5&#8243; bottom_padding=&#8220;2&#8243; overlay_alpha=&#8220;50&#8243; gutter_size=&#8220;3&#8243; column_width_percent=&#8220;100&#8243; shift_y=&#8220;0&#8243; z_index=&#8220;0&#8243;][vc_column column_width_percent=&#8220;100&#8243; align_horizontal=&#8220;align_center&#8220; gutter_size=&#8220;3&#8243; overlay_alpha=&#8220;50&#8243; shift_x=&#8220;0&#8243; shift_y=&#8220;0&#8243; shift_y_down=&#8220;0&#8243; z_index=&#8220;0&#8243; medium_width=&#8220;0&#8243; [&hellip;]","og_url":"https:\/\/1875.lu\/de\/branchen\/institutionelle-kunden\/investitionsprozess\/","og_site_name":"1875 Finance","article_publisher":"https:\/\/www.facebook.com\/1875finance\/?fref=ts","article_modified_time":"2020-10-29T00:47:22+00:00","twitter_card":"summary_large_image","twitter_misc":{"Gesch\u00e4tzte Lesezeit":"2\u00a0Minuten"},"schema":{"@context":"https:\/\/schema.org","@graph":[{"@type":"WebPage","@id":"https:\/\/1875.lu\/de\/branchen\/institutionelle-kunden\/investitionsprozess\/","url":"https:\/\/1875.lu\/de\/branchen\/institutionelle-kunden\/investitionsprozess\/","name":"Investitionsprozess - 1875 Finance","isPartOf":{"@id":"https:\/\/1875.lu\/de\/#website"},"datePublished":"2020-04-26T00:31:00+00:00","dateModified":"2020-10-29T00:47:22+00:00","breadcrumb":{"@id":"https:\/\/1875.lu\/de\/branchen\/institutionelle-kunden\/investitionsprozess\/#breadcrumb"},"inLanguage":"de","potentialAction":[{"@type":"ReadAction","target":["https:\/\/1875.lu\/de\/branchen\/institutionelle-kunden\/investitionsprozess\/"]}]},{"@type":"BreadcrumbList","@id":"https:\/\/1875.lu\/de\/branchen\/institutionelle-kunden\/investitionsprozess\/#breadcrumb","itemListElement":[{"@type":"ListItem","position":1,"name":"Home","item":"https:\/\/1875.lu\/de\/"},{"@type":"ListItem","position":2,"name":"Branchen","item":"https:\/\/1875.lu\/de\/branchen\/"},{"@type":"ListItem","position":3,"name":"Institutionelle Kunden","item":"https:\/\/1875.lu\/de\/branchen\/institutionelle-kunden\/"},{"@type":"ListItem","position":4,"name":"Investitionsprozess"}]},{"@type":"WebSite","@id":"https:\/\/1875.lu\/de\/#website","url":"https:\/\/1875.lu\/de\/","name":"1875 Finance","description":"The Financial Place to Be","publisher":{"@id":"https:\/\/1875.lu\/de\/#organization"},"potentialAction":[{"@type":"SearchAction","target":{"@type":"EntryPoint","urlTemplate":"https:\/\/1875.lu\/de\/?s={search_term_string}"},"query-input":{"@type":"PropertyValueSpecification","valueRequired":true,"valueName":"search_term_string"}}],"inLanguage":"de"},{"@type":"Organization","@id":"https:\/\/1875.lu\/de\/#organization","name":"1875 Finance","url":"https:\/\/1875.lu\/de\/","logo":{"@type":"ImageObject","inLanguage":"de","@id":"https:\/\/1875.lu\/de\/#\/schema\/logo\/image\/","url":"https:\/\/1875.lu\/wp-content\/uploads\/sites\/2\/2020\/03\/1875-logo.png","contentUrl":"https:\/\/1875.lu\/wp-content\/uploads\/sites\/2\/2020\/03\/1875-logo.png","width":220,"height":220,"caption":"1875 Finance"},"image":{"@id":"https:\/\/1875.lu\/de\/#\/schema\/logo\/image\/"},"sameAs":["https:\/\/www.facebook.com\/1875finance\/?fref=ts","https:\/\/www.youtube.com\/channel\/UCZA0ykjGQrrEA3GBFkn8cAg"]}]}},"_links":{"self":[{"href":"https:\/\/1875.lu\/de\/wp-json\/wp\/v2\/pages\/86980","targetHints":{"allow":["GET"]}}],"collection":[{"href":"https:\/\/1875.lu\/de\/wp-json\/wp\/v2\/pages"}],"about":[{"href":"https:\/\/1875.lu\/de\/wp-json\/wp\/v2\/types\/page"}],"author":[{"embeddable":true,"href":"https:\/\/1875.lu\/de\/wp-json\/wp\/v2\/users\/12"}],"replies":[{"embeddable":true,"href":"https:\/\/1875.lu\/de\/wp-json\/wp\/v2\/comments?post=86980"}],"version-history":[{"count":0,"href":"https:\/\/1875.lu\/de\/wp-json\/wp\/v2\/pages\/86980\/revisions"}],"up":[{"embeddable":true,"href":"https:\/\/1875.lu\/de\/wp-json\/wp\/v2\/pages\/86977"}],"wp:attachment":[{"href":"https:\/\/1875.lu\/de\/wp-json\/wp\/v2\/media?parent=86980"}],"curies":[{"name":"wp","href":"https:\/\/api.w.org\/{rel}","templated":true}]}}